{"id":1696,"date":"2024-07-17T07:18:55","date_gmt":"2024-07-17T07:18:55","guid":{"rendered":"https:\/\/hidarts.com\/producto\/contour-de-cible-hi-darts-15\/"},"modified":"2024-07-17T07:18:55","modified_gmt":"2024-07-17T07:18:55","slug":"contour-de-cible-hi-darts-15","status":"publish","type":"product","link":"https:\/\/hidarts.com\/fr\/Produit\/contour-de-cible-hi-darts-15\/","title":{"rendered":"Contour de Cible Hi Darts 15&#8243;"},"content":{"rendered":"<p id=\"tw-target-text\" class=\"tw-data-text tw-text-large XcVN5d tw-ta\" dir=\"ltr\" data-placeholder=\"Traducci\u00f3\"><span lang=\"en\">Contour de Cible professionnel 15.5 web catcher<\/span>en plastique de haute qualit\u00e9.<\/p>\n<p class=\"tw-data-text tw-text-large XcVN5d tw-ta\" dir=\"ltr\" data-placeholder=\"Traducci\u00f3\">Id\u00e9al pour \u00e9liminer les rebonds des fl\u00e9chettes perdues.<\/p>\n<p class=\"tw-data-text tw-text-large XcVN5d tw-ta\" dir=\"ltr\" data-placeholder=\"Traducci\u00f3\">Les 4 pi\u00e8ces fournies compl\u00e8tent l&#8217;ensemble du cadre ext\u00e9rieur de la cible HiDarts.<\/p>\n","protected":false},"excerpt":{"rendered":"<p id=\"tw-target-text\" class=\"tw-data-text tw-text-large XcVN5d tw-ta\" dir=\"ltr\" data-placeholder=\"Traducci\u00f3\"><span lang=\"en\">Contour de Cible professionnel 15.5 web catcher<\/span>en plastique de haute qualit\u00e9.<\/p>\n<p class=\"tw-data-text tw-text-large XcVN5d tw-ta\" dir=\"ltr\" data-placeholder=\"Traducci\u00f3\">Id\u00e9al pour \u00e9liminer les rebonds des fl\u00e9chettes perdues.<\/p>\n<p class=\"tw-data-text tw-text-large XcVN5d tw-ta\" dir=\"ltr\" data-placeholder=\"Traducci\u00f3\">Les 4 pi\u00e8ces fournies compl\u00e8tent l&#8217;ensemble du cadre ext\u00e9rieur de la cible HiDarts.<\/p>\n","protected":false},"featured_media":1134,"comment_status":"open","ping_status":"closed","template":"","meta":[],"product_brand":[],"product_cat":[122],"product_tag":[],"class_list":{"0":"post-1696","1":"product","2":"type-product","3":"status-publish","4":"has-post-thumbnail","6":"product_cat-pieces-detachees","8":"first","9":"instock","10":"taxable","11":"shipping-taxable","12":"purchasable","13":"product-type-simple"},"jetpack_sharing_enabled":true,"_links":{"self":[{"href":"https:\/\/hidarts.com\/fr\/wp-json\/wp\/v2\/product\/1696","targetHints":{"allow":["GET"]}}],"collection":[{"href":"https:\/\/hidarts.com\/fr\/wp-json\/wp\/v2\/product"}],"about":[{"href":"https:\/\/hidarts.com\/fr\/wp-json\/wp\/v2\/types\/product"}],"replies":[{"embeddable":true,"href":"https:\/\/hidarts.com\/fr\/wp-json\/wp\/v2\/comments?post=1696"}],"wp:featuredmedia":[{"embeddable":true,"href":"https:\/\/hidarts.com\/fr\/wp-json\/wp\/v2\/media\/1134"}],"wp:attachment":[{"href":"https:\/\/hidarts.com\/fr\/wp-json\/wp\/v2\/media?parent=1696"}],"wp:term":[{"taxonomy":"product_brand","embeddable":true,"href":"https:\/\/hidarts.com\/fr\/wp-json\/wp\/v2\/product_brand?post=1696"},{"taxonomy":"product_cat","embeddable":true,"href":"https:\/\/hidarts.com\/fr\/wp-json\/wp\/v2\/product_cat?post=1696"},{"taxonomy":"product_tag","embeddable":true,"href":"https:\/\/hidarts.com\/fr\/wp-json\/wp\/v2\/product_tag?post=1696"}],"curies":[{"name":"wp","href":"https:\/\/api.w.org\/{rel}","templated":true}]}}