{"id":1687,"date":"2024-07-17T07:42:14","date_gmt":"2024-07-17T07:42:14","guid":{"rendered":"https:\/\/hidarts.com\/producto\/modele-de-document-de-reference\/"},"modified":"2025-07-04T07:28:29","modified_gmt":"2025-07-04T07:28:29","slug":"modele-de-fond","status":"publish","type":"product","link":"https:\/\/hidarts.com\/fr\/Produit\/modele-de-fond\/","title":{"rendered":"Mod\u00e8le de fond"},"content":{"rendered":"<p>Mod\u00e8le de num\u00e9ro d\u00e9coup\u00e9 compatible avec les jeux de fl\u00e9chettes de 13 et 15,5 pouces<\/p>\n","protected":false},"excerpt":{"rendered":"<p>Mod\u00e8le de num\u00e9ro d\u00e9coup\u00e9 compatible avec les jeux de fl\u00e9chettes de 13 et 15,5 pouces<\/p>\n","protected":false},"featured_media":1149,"comment_status":"open","ping_status":"closed","template":"","meta":[],"product_brand":[],"product_cat":[122],"product_tag":[],"class_list":{"0":"post-1687","1":"product","2":"type-product","3":"status-publish","4":"has-post-thumbnail","6":"product_cat-pieces-detachees","8":"first","9":"instock","10":"taxable","11":"shipping-taxable","12":"purchasable","13":"product-type-simple"},"jetpack_sharing_enabled":true,"_links":{"self":[{"href":"https:\/\/hidarts.com\/fr\/wp-json\/wp\/v2\/product\/1687","targetHints":{"allow":["GET"]}}],"collection":[{"href":"https:\/\/hidarts.com\/fr\/wp-json\/wp\/v2\/product"}],"about":[{"href":"https:\/\/hidarts.com\/fr\/wp-json\/wp\/v2\/types\/product"}],"replies":[{"embeddable":true,"href":"https:\/\/hidarts.com\/fr\/wp-json\/wp\/v2\/comments?post=1687"}],"wp:featuredmedia":[{"embeddable":true,"href":"https:\/\/hidarts.com\/fr\/wp-json\/wp\/v2\/media\/1149"}],"wp:attachment":[{"href":"https:\/\/hidarts.com\/fr\/wp-json\/wp\/v2\/media?parent=1687"}],"wp:term":[{"taxonomy":"product_brand","embeddable":true,"href":"https:\/\/hidarts.com\/fr\/wp-json\/wp\/v2\/product_brand?post=1687"},{"taxonomy":"product_cat","embeddable":true,"href":"https:\/\/hidarts.com\/fr\/wp-json\/wp\/v2\/product_cat?post=1687"},{"taxonomy":"product_tag","embeddable":true,"href":"https:\/\/hidarts.com\/fr\/wp-json\/wp\/v2\/product_tag?post=1687"}],"curies":[{"name":"wp","href":"https:\/\/api.w.org\/{rel}","templated":true}]}}