{"id":1684,"date":"2024-07-17T07:32:56","date_gmt":"2024-07-17T07:32:56","guid":{"rendered":"https:\/\/hidarts.com\/producto\/amortisseur-en-caoutchouc-13-hi-darts\/"},"modified":"2025-07-04T07:21:44","modified_gmt":"2025-07-04T07:21:44","slug":"amortisseur-en-caoutchouc-13-hi-darts","status":"publish","type":"product","link":"https:\/\/hidarts.com\/fr\/Produit\/amortisseur-en-caoutchouc-13-hi-darts\/","title":{"rendered":"Amortisseur en caoutchouc 13&#8243; Hi Darts"},"content":{"rendered":"<p id=\"tw-target-text\" class=\"tw-data-text tw-text-large XcVN5d tw-ta\" dir=\"ltr\" data-placeholder=\"Traducci\u00f3\"><span lang=\"en\">La feuille d&#8217;amortissement en caoutchouc haute densit\u00e9 HiDarts offre un impact ferme et une forte r\u00e9duction du bruit.<\/span><\/p>\n<p class=\"tw-data-text tw-text-large XcVN5d tw-ta\" dir=\"ltr\" data-placeholder=\"Traducci\u00f3\"><span lang=\"en\">Id\u00e9al pour r\u00e9duire au minimum la transmission du son dans les murs ou les pi\u00e8ces de jonction.<\/span><\/p>\n<p class=\"tw-data-text tw-text-large XcVN5d tw-ta\" dir=\"ltr\" data-placeholder=\"Traducci\u00f3\"><span lang=\"en\">La densit\u00e9 \u00e9lev\u00e9e de la feuille d&#8217;amortissement assure la meilleure protection possible pour le r\u00e9seau de capteurs, ce qui lui conf\u00e8re une longue dur\u00e9e de vie et une bonne protection.<\/span><\/p>\n","protected":false},"excerpt":{"rendered":"<p id=\"tw-target-text\" class=\"tw-data-text tw-text-large XcVN5d tw-ta\" dir=\"ltr\" data-placeholder=\"Traducci\u00f3\"><span lang=\"en\">La feuille d&#8217;amortissement en caoutchouc haute densit\u00e9 HiDarts offre un impact ferme et une forte r\u00e9duction du bruit.<\/span><\/p>\n<p class=\"tw-data-text tw-text-large XcVN5d tw-ta\" dir=\"ltr\" data-placeholder=\"Traducci\u00f3\"><span lang=\"en\">Id\u00e9al pour r\u00e9duire au minimum la transmission du son dans les murs ou les pi\u00e8ces de jonction.<\/span><\/p>\n<p class=\"tw-data-text tw-text-large XcVN5d tw-ta\" dir=\"ltr\" data-placeholder=\"Traducci\u00f3\"><span lang=\"en\">La densit\u00e9 \u00e9lev\u00e9e de la feuille d&#8217;amortissement assure la meilleure protection possible pour le r\u00e9seau de capteurs, ce qui lui conf\u00e8re une longue dur\u00e9e de vie et une bonne protection.<\/span><\/p>\n","protected":false},"featured_media":1143,"comment_status":"open","ping_status":"closed","template":"","meta":[],"product_brand":[],"product_cat":[122],"product_tag":[],"class_list":{"0":"post-1684","1":"product","2":"type-product","3":"status-publish","4":"has-post-thumbnail","6":"product_cat-pieces-detachees","8":"first","9":"instock","10":"taxable","11":"shipping-taxable","12":"purchasable","13":"product-type-simple"},"jetpack_sharing_enabled":true,"_links":{"self":[{"href":"https:\/\/hidarts.com\/fr\/wp-json\/wp\/v2\/product\/1684","targetHints":{"allow":["GET"]}}],"collection":[{"href":"https:\/\/hidarts.com\/fr\/wp-json\/wp\/v2\/product"}],"about":[{"href":"https:\/\/hidarts.com\/fr\/wp-json\/wp\/v2\/types\/product"}],"replies":[{"embeddable":true,"href":"https:\/\/hidarts.com\/fr\/wp-json\/wp\/v2\/comments?post=1684"}],"wp:featuredmedia":[{"embeddable":true,"href":"https:\/\/hidarts.com\/fr\/wp-json\/wp\/v2\/media\/1143"}],"wp:attachment":[{"href":"https:\/\/hidarts.com\/fr\/wp-json\/wp\/v2\/media?parent=1684"}],"wp:term":[{"taxonomy":"product_brand","embeddable":true,"href":"https:\/\/hidarts.com\/fr\/wp-json\/wp\/v2\/product_brand?post=1684"},{"taxonomy":"product_cat","embeddable":true,"href":"https:\/\/hidarts.com\/fr\/wp-json\/wp\/v2\/product_cat?post=1684"},{"taxonomy":"product_tag","embeddable":true,"href":"https:\/\/hidarts.com\/fr\/wp-json\/wp\/v2\/product_tag?post=1684"}],"curies":[{"name":"wp","href":"https:\/\/api.w.org\/{rel}","templated":true}]}}