{"id":1683,"date":"2024-07-17T06:53:29","date_gmt":"2024-07-17T06:53:29","guid":{"rendered":"https:\/\/hidarts.com\/producto\/15-spider-complet-avec-kit-de-segments\/"},"modified":"2025-07-04T07:21:23","modified_gmt":"2025-07-04T07:21:23","slug":"15-spider-complet-avec-kit-de-segments","status":"publish","type":"product","link":"https:\/\/hidarts.com\/fr\/Produit\/15-spider-complet-avec-kit-de-segments\/","title":{"rendered":"15&#8243; Spider complet avec kit de segments"},"content":{"rendered":"<p id=\"tw-target-text\" class=\"tw-data-text tw-text-large XcVN5d tw-ta\" dir=\"ltr\" data-placeholder=\"Traducci\u00f3\"><span lang=\"en\">&#8211; Nous utilisons les segments de la plus haute qualit\u00e9 dans l&#8217;industrie des loisirs.<\/span><\/p>\n<p class=\"tw-data-text tw-text-large XcVN5d tw-ta\" dir=\"ltr\" data-placeholder=\"Traducci\u00f3\"><span lang=\"en\">&#8211; Taille officielle de comp\u00e9tition 15,5&#8243; professionnelle inject\u00e9e avec de la fibre de verre pour la durabilit\u00e9 et la solidit\u00e9.<\/span><\/p>\n<p class=\"tw-data-text tw-text-large XcVN5d tw-ta\" dir=\"ltr\" data-placeholder=\"Traducci\u00f3\"><span lang=\"en\">&#8211; Pi\u00e8ces d\u00e9tach\u00e9es disponibles pour chacun des segments.<\/span><\/p>\n","protected":false},"excerpt":{"rendered":"<p>Grille compl\u00e8te des segments Hi Darts. Apr\u00e8s des milliers de fl\u00e9chettes lanc\u00e9es, vous voulez remplacer votre vieille grille par une nouvelle avec tous les segments ? La grille Hi Darts est tr\u00e8s facile \u00e0 remplacer, avec seulement 4 vis vous pouvez remplacer votre vieille grille par une toute nouvelle pr\u00eate \u00e0 supporter des milliers de fl\u00e9chettes suppl\u00e9mentaires sans subir de dommages.<\/p>\n","protected":false},"featured_media":1119,"comment_status":"open","ping_status":"closed","template":"","meta":[],"product_brand":[],"product_cat":[122],"product_tag":[],"class_list":{"0":"post-1683","1":"product","2":"type-product","3":"status-publish","4":"has-post-thumbnail","6":"product_cat-pieces-detachees","8":"first","9":"instock","10":"taxable","11":"shipping-taxable","12":"purchasable","13":"product-type-simple"},"jetpack_sharing_enabled":true,"_links":{"self":[{"href":"https:\/\/hidarts.com\/fr\/wp-json\/wp\/v2\/product\/1683","targetHints":{"allow":["GET"]}}],"collection":[{"href":"https:\/\/hidarts.com\/fr\/wp-json\/wp\/v2\/product"}],"about":[{"href":"https:\/\/hidarts.com\/fr\/wp-json\/wp\/v2\/types\/product"}],"replies":[{"embeddable":true,"href":"https:\/\/hidarts.com\/fr\/wp-json\/wp\/v2\/comments?post=1683"}],"wp:featuredmedia":[{"embeddable":true,"href":"https:\/\/hidarts.com\/fr\/wp-json\/wp\/v2\/media\/1119"}],"wp:attachment":[{"href":"https:\/\/hidarts.com\/fr\/wp-json\/wp\/v2\/media?parent=1683"}],"wp:term":[{"taxonomy":"product_brand","embeddable":true,"href":"https:\/\/hidarts.com\/fr\/wp-json\/wp\/v2\/product_brand?post=1683"},{"taxonomy":"product_cat","embeddable":true,"href":"https:\/\/hidarts.com\/fr\/wp-json\/wp\/v2\/product_cat?post=1683"},{"taxonomy":"product_tag","embeddable":true,"href":"https:\/\/hidarts.com\/fr\/wp-json\/wp\/v2\/product_tag?post=1683"}],"curies":[{"name":"wp","href":"https:\/\/api.w.org\/{rel}","templated":true}]}}