{"id":1680,"date":"2024-07-17T07:35:48","date_gmt":"2024-07-17T07:35:48","guid":{"rendered":"https:\/\/hidarts.com\/producto\/ecran-de-protection-en-methacrylate-hi-darts\/"},"modified":"2025-07-04T07:20:59","modified_gmt":"2025-07-04T07:20:59","slug":"ecran-de-protection-en-methacrylate-hi-darts","status":"publish","type":"product","link":"https:\/\/hidarts.com\/fr\/Produit\/ecran-de-protection-en-methacrylate-hi-darts\/","title":{"rendered":"\u00c9cran de protection en m\u00e9thacrylate Hi Darts"},"content":{"rendered":"<p>Protecteur frontal en m\u00e9thacrylate qui prot\u00e8ge la cible des impacts et permet quelques \u00e9l\u00e9ments de personnalisation. Compatible avec les cibles HiDarts 13&#8243; et 15.5<\/p>\n","protected":false},"excerpt":{"rendered":"<p>Protecteur frontal en m\u00e9thacrylate qui prot\u00e8ge la cible des impacts et permet quelques \u00e9l\u00e9ments de personnalisation. Compatible avec les cibles HiDarts 13&#8243; et 15.5<\/p>\n","protected":false},"featured_media":1146,"comment_status":"open","ping_status":"closed","template":"","meta":[],"product_brand":[],"product_cat":[122],"product_tag":[],"class_list":{"0":"post-1680","1":"product","2":"type-product","3":"status-publish","4":"has-post-thumbnail","6":"product_cat-pieces-detachees","8":"first","9":"instock","10":"taxable","11":"shipping-taxable","12":"purchasable","13":"product-type-simple"},"jetpack_sharing_enabled":true,"_links":{"self":[{"href":"https:\/\/hidarts.com\/fr\/wp-json\/wp\/v2\/product\/1680","targetHints":{"allow":["GET"]}}],"collection":[{"href":"https:\/\/hidarts.com\/fr\/wp-json\/wp\/v2\/product"}],"about":[{"href":"https:\/\/hidarts.com\/fr\/wp-json\/wp\/v2\/types\/product"}],"replies":[{"embeddable":true,"href":"https:\/\/hidarts.com\/fr\/wp-json\/wp\/v2\/comments?post=1680"}],"wp:featuredmedia":[{"embeddable":true,"href":"https:\/\/hidarts.com\/fr\/wp-json\/wp\/v2\/media\/1146"}],"wp:attachment":[{"href":"https:\/\/hidarts.com\/fr\/wp-json\/wp\/v2\/media?parent=1680"}],"wp:term":[{"taxonomy":"product_brand","embeddable":true,"href":"https:\/\/hidarts.com\/fr\/wp-json\/wp\/v2\/product_brand?post=1680"},{"taxonomy":"product_cat","embeddable":true,"href":"https:\/\/hidarts.com\/fr\/wp-json\/wp\/v2\/product_cat?post=1680"},{"taxonomy":"product_tag","embeddable":true,"href":"https:\/\/hidarts.com\/fr\/wp-json\/wp\/v2\/product_tag?post=1680"}],"curies":[{"name":"wp","href":"https:\/\/api.w.org\/{rel}","templated":true}]}}