{"id":1508,"date":"2024-07-15T07:29:10","date_gmt":"2024-07-15T07:29:10","guid":{"rendered":"https:\/\/hidarts.com\/producto\/hidarts-h15\/"},"modified":"2025-07-01T06:56:20","modified_gmt":"2025-07-01T06:56:20","slug":"hidarts-h15","status":"publish","type":"product","link":"https:\/\/hidarts.com\/fr\/Produit\/hidarts-h15\/","title":{"rendered":"HiDARTS H15&#8243;"},"content":{"rendered":"<p><b>HiDARTS H13&#8243; \/ H15&#8243;<\/b><span style=\"font-weight: 400;\"> Permet l&#8217;int\u00e9gration de tous les composants \u00e9lectroniques du tableau de bord Granboard DASH (carte \u00e9lectronique, bouton de changement de joueur et interrupteur).<\/span><\/p>\n<p><span style=\"font-weight: 400;\">* Les composants du tableau de bord Granboard ne sont pas inclus.<\/span><span style=\"font-weight: 400;\"><br \/>\n<\/span><\/p>\n","protected":false},"excerpt":{"rendered":"<p><span style=\"font-weight: 400;\">*Compatibilit\u00e9 du syst\u00e8me en ligne avec Granboard Dash<\/span><\/p>\n<p><span style=\"font-weight: 400;\">*<\/span><span style=\"font-weight: 400;\">Comp\u00e9tition officielle 15&#8243; USA board.<\/span><\/p>\n<p><span style=\"font-weight: 400;\">*Cabinet compact en bois.<\/span><\/p>\n<p><span style=\"font-weight: 400;\">*Amortisseur de bruit (3mm)<\/span><\/p>\n<p><span style=\"font-weight: 400;\">*Capteur \u00e9lectronique de comp\u00e9tition encrass\u00e9<\/span><\/p>\n<p><span style=\"font-weight: 400;\">*Harnais de c\u00e2blage de la batterie avec 2 piles AA<\/span><span style=\"font-weight: 400;\"><br \/>\n<\/span><span style=\"font-weight: 400;\">*2 jeux de fl\u00e9chettes HiDarts<\/span><\/p>\n<p><span style=\"font-weight: 400;\">*Manuel d&#8217;installation et accessoires de montage inclus<\/span><\/p>\n","protected":false},"featured_media":58,"comment_status":"open","ping_status":"closed","template":"","meta":[],"product_brand":[],"product_cat":[119],"product_tag":[],"class_list":{"0":"post-1508","1":"product","2":"type-product","3":"status-publish","4":"has-post-thumbnail","6":"product_cat-cible","8":"first","9":"instock","10":"taxable","11":"shipping-taxable","12":"purchasable","13":"product-type-simple"},"jetpack_sharing_enabled":true,"_links":{"self":[{"href":"https:\/\/hidarts.com\/fr\/wp-json\/wp\/v2\/product\/1508","targetHints":{"allow":["GET"]}}],"collection":[{"href":"https:\/\/hidarts.com\/fr\/wp-json\/wp\/v2\/product"}],"about":[{"href":"https:\/\/hidarts.com\/fr\/wp-json\/wp\/v2\/types\/product"}],"replies":[{"embeddable":true,"href":"https:\/\/hidarts.com\/fr\/wp-json\/wp\/v2\/comments?post=1508"}],"wp:featuredmedia":[{"embeddable":true,"href":"https:\/\/hidarts.com\/fr\/wp-json\/wp\/v2\/media\/58"}],"wp:attachment":[{"href":"https:\/\/hidarts.com\/fr\/wp-json\/wp\/v2\/media?parent=1508"}],"wp:term":[{"taxonomy":"product_brand","embeddable":true,"href":"https:\/\/hidarts.com\/fr\/wp-json\/wp\/v2\/product_brand?post=1508"},{"taxonomy":"product_cat","embeddable":true,"href":"https:\/\/hidarts.com\/fr\/wp-json\/wp\/v2\/product_cat?post=1508"},{"taxonomy":"product_tag","embeddable":true,"href":"https:\/\/hidarts.com\/fr\/wp-json\/wp\/v2\/product_tag?post=1508"}],"curies":[{"name":"wp","href":"https:\/\/api.w.org\/{rel}","templated":true}]}}