{"id":1402,"date":"2024-06-11T06:08:03","date_gmt":"2024-06-11T06:08:03","guid":{"rendered":"https:\/\/hidarts.com\/faq\/"},"modified":"2025-07-03T07:49:26","modified_gmt":"2025-07-03T07:49:26","slug":"faq","status":"publish","type":"page","link":"https:\/\/hidarts.com\/fr\/faq\/","title":{"rendered":"FAQ"},"content":{"rendered":"<p>&nbsp;<\/p>\n&#13;\n<p><strong>Que comprend HiDarts ?<\/strong><\/p>&#13;\n&#13;\n<p>Notre planche est livr\u00e9e avec tous les \u00e9l\u00e9ments n\u00e9cessaires pour l&#8217;accrocher et commencer \u00e0 jouer aux fl\u00e9chettes. Il comprend \u00e9galement tout le mat\u00e9riel n\u00e9cessaire pour compl\u00e9ter l&#8217;int\u00e9gration du Granboard dans notre tableau.  <\/p>&#13;\n&#13;\n<p><strong>Que faut-il pour terminer l&#8217;installation de Granboard ?<\/strong><\/p>&#13;\n&#13;\n<p>Les composants Granboard ne sont pas fournis avec notre carte HiDarts, vous devez donc poss\u00e9der votre propre GranBoard Dash ou 132, pour l&#8217;int\u00e9grer \u00e0 la carte HiDart.<\/p>&#13;\n&#13;\n<p><strong>Un autre mod\u00e8le que &#8220;GranBoard Dash ou 132&#8221; peut-il \u00eatre install\u00e9 dans les HiDarts ?<\/strong><\/p>&#13;\n&#13;\n<p>Non, notre kit HiDarts n&#8217;est compatible qu&#8217;avec les mod\u00e8les &#8220;GranBoard Dash&#8221; et &#8220;GranBoard 132&#8221;. N&#8217;oubliez pas de choisir le mod\u00e8le HiDarts correspondant \u00e0 votre Granboard. <\/p>&#13;\n&#13;\n<p><strong>Quels sont les outils n\u00e9cessaires pour installer les composants du Granboard ?<\/strong><\/p>&#13;\n&#13;\n<p>Vous n&#8217;aurez besoin que d&#8217;un tournevis Phillips et du manuel d&#8217;instructions fourni avec la carte.<\/p>&#13;\n&#13;\n<p><strong>L&#8217;installation des composants de Granboard est-elle compliqu\u00e9e ?<\/strong><\/p>&#13;\n&#13;\n<p>Pas du tout ! Nous avons con\u00e7u notre panneau de mani\u00e8re \u00e0 ce que tout le monde puisse l&#8217;installer facilement. Il ne vous faudra que quelques minutes pour tout assembler gr\u00e2ce au manuel inclus o\u00f9 tout est expliqu\u00e9 en d\u00e9tail. Nous avons \u00e9galement une vid\u00e9o qui montre toutes les \u00e9tapes de la proc\u00e9dure.   <\/p>&#13;\n&#13;\n<p><strong>Vais-je constater une am\u00e9lioration ?<\/strong><\/p>&#13;\n&#13;\n<p>Bien s\u00fbr ! Nous nous sommes assur\u00e9s que nous avions la meilleure cible de fl\u00e9chettes sur le march\u00e9 en incorporant uniquement les meilleurs composants disponibles. Vous remarquerez imm\u00e9diatement la qualit\u00e9 de fabrication professionnelle lorsque vous jouerez et vous ne reviendrez jamais en arri\u00e8re.   <\/p>&#13;\n&#13;\n<p><strong>Le HiDarts est-il plus silencieux ?<\/strong><\/p>&#13;\n&#13;\n<p>Beaucoup ! Les composants et les mat\u00e9riaux utilis\u00e9s ont tous \u00e9t\u00e9 s\u00e9lectionn\u00e9s sp\u00e9cifiquement pour r\u00e9duire le bruit d&#8217;impact de la fl\u00e9chette et les vibrations provoqu\u00e9es.<br\/>Nous avons r\u00e9ussi \u00e0 transformer les &#8220;clacks&#8221; en &#8220;thuds&#8221;, comme lorsque vous jouez sur une machine de bar \u00e0 pointe souple. Vos voisins ne seront plus d\u00e9rang\u00e9s par les entra\u00eenements de fl\u00e9chettes qui se d\u00e9roulent tard dans la nuit.  <\/p>&#13;\n&#13;\n<p><strong>Puis-je jouer en ligne ?<\/strong><\/p>&#13;\n&#13;\n<p>Oui, c&#8217;est vrai. Si vous d\u00e9cidez d&#8217;incorporer les composants du Granboard dans votre HiDarts, vous pourrez naviguer avec le m\u00eame logiciel que celui que vous utilisiez auparavant avec votre Granboard. <\/p>&#13;\n&#13;\n<p>Vous aurez toujours le m\u00eame compte et le m\u00eame logiciel, vous ne remarquerez donc pas de diff\u00e9rence.<\/p>&#13;\n&#13;\n<p><strong>Quelle est la diff\u00e9rence entre les mod\u00e8les H132 et H13\/H15 ?<\/strong><\/p>&#13;\n&#13;\n<p>Notre mod\u00e8le HiDarts <strong>H132<\/strong> est sp\u00e9cialement con\u00e7u pour accueillir les composants Granboard 132, tandis que les mod\u00e8les <strong>H13 et H15 <\/strong>sont sp\u00e9cifiques aux composants GB Dash. La diff\u00e9rence entre <strong>H13 et H15 <\/strong>est la taille du plateau des cibles EU 13&#8243; ou USA 15&#8243;. <\/p>&#13;\n&#13;\n<p><strong>Peut-on acheter des pi\u00e8ces de rechange et quelle est la dur\u00e9e de la garantie HiDarts ?<\/strong><\/p>&#13;\n&#13;\n<p>Tous les composants de la carte HiDarts sont couverts par une garantie de deux ans \u00e0 compter de la date d&#8217;achat. Si un probl\u00e8me survient en raison d&#8217;un d\u00e9faut de fabrication de l&#8217;un des composants de la carte, nous le remplacerons rapidement et gratuitement. <\/p>&#13;\n&#13;\n<p>Apr\u00e8s l&#8217;expiration de la p\u00e9riode de garantie de deux ans, nous proposons des pi\u00e8ces d\u00e9tach\u00e9es pour la r\u00e9paration ou le remplacement sur notre boutique en ligne.<\/p>&#13;\n&#13;\n<p>*Veuillez noter que nous ne sommes pas responsables de la garantie des composants Grandboard.<\/p>&#13;\n&#13;\n<p><strong>Comment accrocher ma cible de fl\u00e9chettes au mur ?<\/strong><\/p>&#13;\n&#13;\n<p>Nos HiDarts sont livr\u00e9s avec les vis de montage et les instructions n\u00e9cessaires pour monter le jeu de fl\u00e9chettes en toute s\u00e9curit\u00e9. Vous trouverez un gabarit de montage qui peut servir de guide, ainsi que toutes les instructions \u00e9tape par \u00e9tape incluses dans la planche. <\/p>&#13;\n&#13;\n<p><strong>Vous avez des questions sur les HiDarts que nous n&#8217;avons pas abord\u00e9es ?<\/strong><br\/>Contactez-nous pour nous en informer. Nous nous ferons un plaisir de r\u00e9pondre \u00e0 vos questions, et nous serions ravis d&#8217;entendre vos commentaires et vos r\u00e9actions.<br\/>Envoyez-nous un message ci-dessous et nous vous contacterons :  <\/p>&#13;\n","protected":false},"excerpt":{"rendered":"<p>&nbsp; &#13; Que comprend HiDarts ? &#13; &#13; Notre planche est livr\u00e9e avec tous les \u00e9l\u00e9ments n\u00e9cessaires pour l&#8217;accrocher et commencer \u00e0 jouer aux fl\u00e9chettes. Il comprend \u00e9galement tout le mat\u00e9riel n\u00e9cessaire pour compl\u00e9ter l&#8217;int\u00e9gration du Granboard dans notre tableau. &#13; &#13; Que faut-il pour terminer l&#8217;installation de Granboard ? &#13; &#13; Les composants Granboard ne sont pas fournis avec notre carte HiDarts, vous devez donc poss\u00e9der votre propre GranBoard Dash ou 132, pour l&#8217;int\u00e9grer \u00e0 la carte HiDart. &#13; &#13; Un autre mod\u00e8le que &#8220;GranBoard Dash ou 132&#8221; peut-il \u00eatre install\u00e9 dans les HiDarts ? &#13; &#13; Non, notre kit HiDarts n&#8217;est compatible qu&#8217;avec les mod\u00e8les &#8220;GranBoard Dash&#8221; et &#8220;GranBoard 132&#8221;. N&#8217;oubliez pas de choisir le mod\u00e8le HiDarts correspondant \u00e0 votre Granboard. &#13; &#13; Quels sont les outils n\u00e9cessaires pour installer les composants du Granboard ? &#13; &#13; Vous n&#8217;aurez besoin que d&#8217;un tournevis Phillips et du manuel d&#8217;instructions fourni avec la carte. &#13; &#13; L&#8217;installation des composants de Granboard est-elle compliqu\u00e9e ? &#13; &#13; Pas du tout ! Nous avons con\u00e7u notre panneau de mani\u00e8re \u00e0 ce que tout le monde puisse l&#8217;installer facilement. Il ne vous faudra que quelques minutes pour tout assembler gr\u00e2ce au manuel inclus o\u00f9 tout est expliqu\u00e9 en d\u00e9tail. Nous avons \u00e9galement une vid\u00e9o qui montre&hellip;<\/p>\n","protected":false},"author":1,"featured_media":0,"parent":0,"menu_order":0,"comment_status":"closed","ping_status":"closed","template":"page-templates\/faq.php","meta":{"footnotes":""},"class_list":["post-1402","page","type-page","status-publish","hentry"],"jetpack_sharing_enabled":true,"_links":{"self":[{"href":"https:\/\/hidarts.com\/fr\/wp-json\/wp\/v2\/pages\/1402","targetHints":{"allow":["GET"]}}],"collection":[{"href":"https:\/\/hidarts.com\/fr\/wp-json\/wp\/v2\/pages"}],"about":[{"href":"https:\/\/hidarts.com\/fr\/wp-json\/wp\/v2\/types\/page"}],"author":[{"embeddable":true,"href":"https:\/\/hidarts.com\/fr\/wp-json\/wp\/v2\/users\/1"}],"replies":[{"embeddable":true,"href":"https:\/\/hidarts.com\/fr\/wp-json\/wp\/v2\/comments?post=1402"}],"version-history":[{"count":5,"href":"https:\/\/hidarts.com\/fr\/wp-json\/wp\/v2\/pages\/1402\/revisions"}],"predecessor-version":[{"id":1673,"href":"https:\/\/hidarts.com\/fr\/wp-json\/wp\/v2\/pages\/1402\/revisions\/1673"}],"wp:attachment":[{"href":"https:\/\/hidarts.com\/fr\/wp-json\/wp\/v2\/media?parent=1402"}],"curies":[{"name":"wp","href":"https:\/\/api.w.org\/{rel}","templated":true}]}}