{"id":1338,"date":"2024-07-12T11:42:20","date_gmt":"2024-07-12T11:42:20","guid":{"rendered":"https:\/\/hidarts.com\/comment-installer\/"},"modified":"2025-07-01T08:16:13","modified_gmt":"2025-07-01T08:16:13","slug":"comment-installer","status":"publish","type":"page","link":"https:\/\/hidarts.com\/fr\/comment-installer\/","title":{"rendered":"Comment installer"},"content":{"rendered":"\n<p><strong>Ce dont vous avez besoin :<\/strong><\/p>\n\n<p>Pr\u00eat \u00e0 fusionner votre GranBoard avec HiDarts ? Voici votre liste de v\u00e9rification :<\/p>\n\n<ol class=\"wp-block-list\">\n<li>GranBoard : mod\u00e8le Dash ou 132 avec \u00e9lectronique fonctionnelle. <\/li>\n\n\n\n<li>Cible HiDarts : choisissez le mod\u00e8le adapt\u00e9 pour une installation fluide.<\/li>\n\n\n\n<li>Instructions : suivez notre manuel imprim\u00e9 ou regardez notre tutoriel vid\u00e9o inclus.<\/li>\n<\/ol>\n\n<p><strong>\u00c9tapes \u00e0 suivre :<\/strong><\/p>\n\n<p>C\u2019est plus simple que vous ne le pensez ! Suivez ces \u00e9tapes faciles :<\/p>\n\n<p>1) Pr\u00e9parez vos outils : un simple tournevis cruciforme suffit. Nous fournissons le reste.<\/p>\n\n<p>2) Tutoriel: Regardez notre vid\u00e9o ou suivez le guide papier. L\u2019installation prend seulement quelques minutes. Les liens vid\u00e9o et les instructions sont inclus dans la bo\u00eete.<\/p>\n\n<p><strong>R\u00e9sultat :<\/strong><\/p>\n\n<p>Une fois la fusion r\u00e9alis\u00e9e, vous disposerez d\u2019une cible de qualit\u00e9 exceptionnelle, int\u00e9gr\u00e9e aux technologies en ligne de GranBoard. Profitez d\u2019un artisanat haut de gamme et rejoignez la communaut\u00e9 en ligne GranBoard.<\/p>\n\n<p class=\"has-text-align-center\"><strong>Am\u00e9liorez votre exp\u00e9rience avec HiDarts<\/strong><\/p>\n\n<p><strong>HiDARTS H132&#8243; Vid\u00e9o d&#8217;installation :<\/strong><\/p>\n\n<figure class=\"wp-block-embed aligncenter is-type-video is-provider-youtube wp-block-embed-youtube wp-embed-aspect-16-9 wp-has-aspect-ratio\"><div class=\"wp-block-embed__wrapper\">\n<iframe loading=\"lazy\" title=\"Video HiDarts Upgrade 132\" width=\"500\" height=\"281\" src=\"https:\/\/www.youtube.com\/embed\/NnHIhNfvxL0?feature=oembed\" frameborder=\"0\" allow=\"accelerometer; autoplay; clipboard-write; encrypted-media; gyroscope; picture-in-picture; web-share\" referrerpolicy=\"strict-origin-when-cross-origin\" allowfullscreen><\/iframe>\n<\/div><\/figure>\n\n<p><strong>HiDARTS H13&#8243; \/ H15&#8243; Vid\u00e9o d&#8217;installation :<\/strong><\/p>\n\n<figure class=\"wp-block-embed aligncenter is-type-video is-provider-youtube wp-block-embed-youtube wp-embed-aspect-16-9 wp-has-aspect-ratio\"><div class=\"wp-block-embed__wrapper\">\n<iframe loading=\"lazy\" title=\"Mounting HiDarts kit H15 \/ H13\" width=\"500\" height=\"281\" src=\"https:\/\/www.youtube.com\/embed\/36xIlCA_-Gc?start=2&#038;feature=oembed\" frameborder=\"0\" allow=\"accelerometer; autoplay; clipboard-write; encrypted-media; gyroscope; picture-in-picture; web-share\" referrerpolicy=\"strict-origin-when-cross-origin\" allowfullscreen><\/iframe>\n<\/div><\/figure>\n\n<p><\/p>\n","protected":false},"excerpt":{"rendered":"<p>Ce dont vous avez besoin : Pr\u00eat \u00e0 fusionner votre GranBoard avec HiDarts ? Voici votre liste de v\u00e9rification : \u00c9tapes \u00e0 suivre : C\u2019est plus simple que vous ne le pensez ! Suivez ces \u00e9tapes faciles : 1) Pr\u00e9parez vos outils : un simple tournevis cruciforme suffit. Nous fournissons le reste. 2) Tutoriel: Regardez notre vid\u00e9o ou suivez le guide papier. L\u2019installation prend seulement quelques minutes. Les liens vid\u00e9o et les instructions sont inclus dans la bo\u00eete. R\u00e9sultat : Une fois la fusion r\u00e9alis\u00e9e, vous disposerez d\u2019une cible de qualit\u00e9 exceptionnelle, int\u00e9gr\u00e9e aux technologies en ligne de GranBoard. Profitez d\u2019un artisanat haut de gamme et rejoignez la communaut\u00e9 en ligne GranBoard. Am\u00e9liorez votre exp\u00e9rience avec HiDarts HiDARTS H132&#8243; Vid\u00e9o d&#8217;installation : HiDARTS H13&#8243; \/ H15&#8243; Vid\u00e9o d&#8217;installation :<\/p>\n","protected":false},"author":1,"featured_media":0,"parent":0,"menu_order":0,"comment_status":"closed","ping_status":"closed","template":"","meta":{"footnotes":""},"class_list":["post-1338","page","type-page","status-publish","hentry"],"jetpack_sharing_enabled":true,"_links":{"self":[{"href":"https:\/\/hidarts.com\/fr\/wp-json\/wp\/v2\/pages\/1338","targetHints":{"allow":["GET"]}}],"collection":[{"href":"https:\/\/hidarts.com\/fr\/wp-json\/wp\/v2\/pages"}],"about":[{"href":"https:\/\/hidarts.com\/fr\/wp-json\/wp\/v2\/types\/page"}],"author":[{"embeddable":true,"href":"https:\/\/hidarts.com\/fr\/wp-json\/wp\/v2\/users\/1"}],"replies":[{"embeddable":true,"href":"https:\/\/hidarts.com\/fr\/wp-json\/wp\/v2\/comments?post=1338"}],"version-history":[{"count":4,"href":"https:\/\/hidarts.com\/fr\/wp-json\/wp\/v2\/pages\/1338\/revisions"}],"predecessor-version":[{"id":1525,"href":"https:\/\/hidarts.com\/fr\/wp-json\/wp\/v2\/pages\/1338\/revisions\/1525"}],"wp:attachment":[{"href":"https:\/\/hidarts.com\/fr\/wp-json\/wp\/v2\/media?parent=1338"}],"curies":[{"name":"wp","href":"https:\/\/api.w.org\/{rel}","templated":true}]}}