{"id":1664,"date":"2025-07-02T11:58:44","date_gmt":"2025-07-02T11:58:44","guid":{"rendered":"https:\/\/hidarts.com\/?post_type=product&#038;p=1664"},"modified":"2025-07-02T11:59:50","modified_gmt":"2025-07-02T11:59:50","slug":"lamina-amortiguadora-hi-darts-13-pulgadas","status":"publish","type":"product","link":"https:\/\/hidarts.com\/es\/producto\/lamina-amortiguadora-hi-darts-13-pulgadas\/","title":{"rendered":"Lamina amortiguadora Hi Darts 13&#8243; pulgadas"},"content":{"rendered":"<pre id=\"tw-target-text\" class=\"tw-data-text tw-text-large tw-ta\" dir=\"ltr\" data-placeholder=\"Traducci\u00f3\" data-ved=\"2ahUKEwjWkdb1jZ6OAxUCVKQEHfCmAeoQ3ewLegQIDRAV\" aria-label=\"Text tradu\u00eft: La l\u00e1mina amortiguadora de caucho de alta densidad HiDarts proporciona un impacto firme y una alta reducci\u00f3n de ruido. Ideal para minimizar la transmisi\u00f3n de sonido en paredes o espacios contiguos. La alta densidad de la l\u00e1mina amortiguadora garantiza la mejor protecci\u00f3n para el conjunto de sensores, garantizando una larga vida \u00fatil y una larga vida \u00fatil.\"><span class=\"Y2IQFc\" lang=\"es\">La l\u00e1mina amortiguadora de caucho de alta densidad HiDarts proporciona un impacto firme y una alta reducci\u00f3n de ruido.\r\n\r\nIdeal para minimizar la transmisi\u00f3n de sonido en paredes o espacios contiguos.\r\n\r\nLa alta densidad de la l\u00e1mina amortiguadora garantiza la mejor protecci\u00f3n para el conjunto de sensores, garantizando una larga vida \u00fatil y una larga vida \u00fatil.<\/span><\/pre>\n","protected":false},"excerpt":{"rendered":"<p id=\"tw-target-text\" class=\"tw-data-text tw-text-large XcVN5d tw-ta\" dir=\"ltr\" data-placeholder=\"Traducci\u00f3\"><span style=\"font-weight: 400;\">Mant\u00e9n tus partidas sin interrupciones con nuestros repuestos disponibles. Consulta nuestra selecci\u00f3n para mantener tu equipo en \u00f3ptimas condiciones.<\/span><\/p>\n","protected":false},"featured_media":225,"comment_status":"open","ping_status":"closed","template":"","meta":[],"product_brand":[],"product_cat":[121],"product_tag":[],"class_list":{"0":"post-1664","1":"product","2":"type-product","3":"status-publish","4":"has-post-thumbnail","6":"product_cat-piezas-de-repuesto","8":"first","9":"instock","10":"taxable","11":"shipping-taxable","12":"purchasable","13":"product-type-simple"},"jetpack_sharing_enabled":true,"_links":{"self":[{"href":"https:\/\/hidarts.com\/es\/wp-json\/wp\/v2\/product\/1664","targetHints":{"allow":["GET"]}}],"collection":[{"href":"https:\/\/hidarts.com\/es\/wp-json\/wp\/v2\/product"}],"about":[{"href":"https:\/\/hidarts.com\/es\/wp-json\/wp\/v2\/types\/product"}],"replies":[{"embeddable":true,"href":"https:\/\/hidarts.com\/es\/wp-json\/wp\/v2\/comments?post=1664"}],"wp:featuredmedia":[{"embeddable":true,"href":"https:\/\/hidarts.com\/es\/wp-json\/wp\/v2\/media\/225"}],"wp:attachment":[{"href":"https:\/\/hidarts.com\/es\/wp-json\/wp\/v2\/media?parent=1664"}],"wp:term":[{"taxonomy":"product_brand","embeddable":true,"href":"https:\/\/hidarts.com\/es\/wp-json\/wp\/v2\/product_brand?post=1664"},{"taxonomy":"product_cat","embeddable":true,"href":"https:\/\/hidarts.com\/es\/wp-json\/wp\/v2\/product_cat?post=1664"},{"taxonomy":"product_tag","embeddable":true,"href":"https:\/\/hidarts.com\/es\/wp-json\/wp\/v2\/product_tag?post=1664"}],"curies":[{"name":"wp","href":"https:\/\/api.w.org\/{rel}","templated":true}]}}