{"id":1661,"date":"2025-07-02T11:53:54","date_gmt":"2025-07-02T11:53:54","guid":{"rendered":"https:\/\/hidarts.com\/?post_type=product&#038;p=1661"},"modified":"2025-07-02T12:01:16","modified_gmt":"2025-07-02T12:01:16","slug":"kit-parrilla-mas-segmentos-13-pulgadas","status":"publish","type":"product","link":"https:\/\/hidarts.com\/es\/producto\/kit-parrilla-mas-segmentos-13-pulgadas\/","title":{"rendered":"Kit parrilla con segmentos 13&#8243; pulgadas"},"content":{"rendered":"<div class=\"oSioSc\">\n<div id=\"tw-target\">\n<div id=\"kAz1tf\" class=\"g9WsWb\">\n<div id=\"tw-target-text-container\" class=\"tw-ta-container hide-focus-ring tw-nfl\" tabindex=\"0\">\n<pre id=\"tw-target-text\" class=\"tw-data-text tw-text-large tw-ta\" dir=\"ltr\" data-placeholder=\"Traducci\u00f3\" data-ved=\"2ahUKEwjWkdb1jZ6OAxUCVKQEHfCmAeoQ3ewLegQIDRAV\" aria-label=\"Text tradu\u00eft: Utilizamos segmentos de la m\u00e1s alta calidad en la industria recreativa. Parrilla profesional de 13&quot; de tama\u00f1o oficial de competici\u00f3n, inyectada con fibra de vidrio para mayor durabilidad y resistencia. Repuestos disponibles para cada segmento.\"><span class=\"Y2IQFc\" lang=\"es\">- Utilizamos segmentos de la m\u00e1s alta calidad en la industria recreativa.\r\n\r\n- Parrilla profesional de 13\" de tama\u00f1o oficial de competici\u00f3n, inyectada con fibra de vidrio para mayor durabilidad y resistencia.\r\n\r\n- Repuestos disponibles para cada segmento.<\/span><\/pre>\n<\/div>\n<\/div>\n<\/div>\n<\/div>\n","protected":false},"excerpt":{"rendered":"<p><span style=\"font-weight: 400;\">Mant\u00e9n tus partidas sin interrupciones con nuestros repuestos disponibles. Consulta nuestra selecci\u00f3n para mantener tu equipo en \u00f3ptimas condiciones.<\/span><\/p>\n","protected":false},"featured_media":211,"comment_status":"open","ping_status":"closed","template":"","meta":[],"product_brand":[],"product_cat":[121],"product_tag":[],"class_list":{"0":"post-1661","1":"product","2":"type-product","3":"status-publish","4":"has-post-thumbnail","6":"product_cat-piezas-de-repuesto","8":"first","9":"instock","10":"taxable","11":"shipping-taxable","12":"purchasable","13":"product-type-simple"},"jetpack_sharing_enabled":true,"_links":{"self":[{"href":"https:\/\/hidarts.com\/es\/wp-json\/wp\/v2\/product\/1661","targetHints":{"allow":["GET"]}}],"collection":[{"href":"https:\/\/hidarts.com\/es\/wp-json\/wp\/v2\/product"}],"about":[{"href":"https:\/\/hidarts.com\/es\/wp-json\/wp\/v2\/types\/product"}],"replies":[{"embeddable":true,"href":"https:\/\/hidarts.com\/es\/wp-json\/wp\/v2\/comments?post=1661"}],"wp:featuredmedia":[{"embeddable":true,"href":"https:\/\/hidarts.com\/es\/wp-json\/wp\/v2\/media\/211"}],"wp:attachment":[{"href":"https:\/\/hidarts.com\/es\/wp-json\/wp\/v2\/media?parent=1661"}],"wp:term":[{"taxonomy":"product_brand","embeddable":true,"href":"https:\/\/hidarts.com\/es\/wp-json\/wp\/v2\/product_brand?post=1661"},{"taxonomy":"product_cat","embeddable":true,"href":"https:\/\/hidarts.com\/es\/wp-json\/wp\/v2\/product_cat?post=1661"},{"taxonomy":"product_tag","embeddable":true,"href":"https:\/\/hidarts.com\/es\/wp-json\/wp\/v2\/product_tag?post=1661"}],"curies":[{"name":"wp","href":"https:\/\/api.w.org\/{rel}","templated":true}]}}