{"id":1659,"date":"2025-07-02T11:49:43","date_gmt":"2025-07-02T11:49:43","guid":{"rendered":"https:\/\/hidarts.com\/?post_type=product&#038;p=1659"},"modified":"2025-07-02T11:53:04","modified_gmt":"2025-07-02T11:53:04","slug":"kit-parrilla-con-segmentos-15-pulgadas","status":"publish","type":"product","link":"https:\/\/hidarts.com\/es\/producto\/kit-parrilla-con-segmentos-15-pulgadas\/","title":{"rendered":"Kit Parrilla con segmentos 15&#8243; pulgadas"},"content":{"rendered":"<pre id=\"tw-target-text\" class=\"tw-data-text tw-text-large tw-ta\" dir=\"ltr\" data-placeholder=\"Traducci\u00f3\" data-ved=\"2ahUKEwjWkdb1jZ6OAxUCVKQEHfCmAeoQ3ewLegQIDRAV\" aria-label=\"Text tradu\u00eft: Utilizamos segmentos de la m\u00e1s alta calidad en la industria recreativa. - Tama\u00f1o oficial de competici\u00f3n de 15.5&quot; profesional, inyectado con fibra de vidrio para mayor durabilidad y resistencia. - Repuestos disponibles para cada segmento.\"><span class=\"Y2IQFc\" lang=\"es\">- Utilizamos segmentos de la m\u00e1s alta calidad en la industria recreativa.\r\n\r\n- Tama\u00f1o oficial de competici\u00f3n de 15.5\" profesional, inyectado con fibra de vidrio para mayor durabilidad y resistencia.\r\n\r\n- Repuestos disponibles para cada segmento.<\/span><\/pre>\n","protected":false},"excerpt":{"rendered":"<p><span style=\"font-weight: 400;\">Mant\u00e9n tus partidas sin interrupciones con nuestros repuestos disponibles. Consulta nuestra selecci\u00f3n para mantener tu equipo en \u00f3ptimas condiciones.<\/span><\/p>\n","protected":false},"featured_media":209,"comment_status":"open","ping_status":"closed","template":"","meta":[],"product_brand":[],"product_cat":[121],"product_tag":[],"class_list":{"0":"post-1659","1":"product","2":"type-product","3":"status-publish","4":"has-post-thumbnail","6":"product_cat-piezas-de-repuesto","8":"first","9":"instock","10":"taxable","11":"shipping-taxable","12":"purchasable","13":"product-type-simple"},"jetpack_sharing_enabled":true,"_links":{"self":[{"href":"https:\/\/hidarts.com\/es\/wp-json\/wp\/v2\/product\/1659","targetHints":{"allow":["GET"]}}],"collection":[{"href":"https:\/\/hidarts.com\/es\/wp-json\/wp\/v2\/product"}],"about":[{"href":"https:\/\/hidarts.com\/es\/wp-json\/wp\/v2\/types\/product"}],"replies":[{"embeddable":true,"href":"https:\/\/hidarts.com\/es\/wp-json\/wp\/v2\/comments?post=1659"}],"wp:featuredmedia":[{"embeddable":true,"href":"https:\/\/hidarts.com\/es\/wp-json\/wp\/v2\/media\/209"}],"wp:attachment":[{"href":"https:\/\/hidarts.com\/es\/wp-json\/wp\/v2\/media?parent=1659"}],"wp:term":[{"taxonomy":"product_brand","embeddable":true,"href":"https:\/\/hidarts.com\/es\/wp-json\/wp\/v2\/product_brand?post=1659"},{"taxonomy":"product_cat","embeddable":true,"href":"https:\/\/hidarts.com\/es\/wp-json\/wp\/v2\/product_cat?post=1659"},{"taxonomy":"product_tag","embeddable":true,"href":"https:\/\/hidarts.com\/es\/wp-json\/wp\/v2\/product_tag?post=1659"}],"curies":[{"name":"wp","href":"https:\/\/api.w.org\/{rel}","templated":true}]}}