{"id":1640,"date":"2024-07-17T07:29:58","date_gmt":"2024-07-17T07:29:58","guid":{"rendered":"https:\/\/hidarts.com\/producto\/amortiguador-de-goma-15\/"},"modified":"2025-07-02T12:00:43","modified_gmt":"2025-07-02T12:00:43","slug":"lamina-amortiguadora-hidarts-15-pulgadas","status":"publish","type":"product","link":"https:\/\/hidarts.com\/es\/producto\/lamina-amortiguadora-hidarts-15-pulgadas\/","title":{"rendered":"Lamina amortiguadora HiDarts 15&#8243; pulgadas"},"content":{"rendered":"<p id=\"tw-target-text\" class=\"tw-data-text tw-text-large XcVN5d tw-ta\" dir=\"ltr\" data-placeholder=\"Traducci\u00f3\"><span lang=\"en\">La l\u00e1mina amortiguadora de caucho de alta densidad HiDarts proporciona un impacto firme y una gran reducci\u00f3n del ruido.<\/span><\/p>\n<p class=\"tw-data-text tw-text-large XcVN5d tw-ta\" dir=\"ltr\" data-placeholder=\"Traducci\u00f3\"><span lang=\"en\">Ideal para que haya la m\u00ednima transmisi\u00f3n de sonido en la pared o en las juntas de las habitaciones.<\/span><\/p>\n<p class=\"tw-data-text tw-text-large XcVN5d tw-ta\" dir=\"ltr\" data-placeholder=\"Traducci\u00f3\"><span lang=\"en\">La alta densidad de la l\u00e1mina amortiguadora garantiza la mejor protecci\u00f3n para el conjunto de sensores, proporcionando una larga vida \u00fatil y protecci\u00f3n.<\/span><\/p>\n","protected":false},"excerpt":{"rendered":"<p id=\"tw-target-text\" class=\"tw-data-text tw-text-large XcVN5d tw-ta\" dir=\"ltr\" data-placeholder=\"Traducci\u00f3\"><span lang=\"en\">La l\u00e1mina amortiguadora de caucho de alta densidad HiDarts proporciona un impacto firme y una gran reducci\u00f3n del ruido.<\/span><\/p>\n<p class=\"tw-data-text tw-text-large XcVN5d tw-ta\" dir=\"ltr\" data-placeholder=\"Traducci\u00f3\"><span lang=\"en\">Ideal para que haya la m\u00ednima transmisi\u00f3n de sonido en la pared o en las juntas de las habitaciones.<\/span><\/p>\n<p class=\"tw-data-text tw-text-large XcVN5d tw-ta\" dir=\"ltr\" data-placeholder=\"Traducci\u00f3\"><span lang=\"en\">La alta densidad de la l\u00e1mina amortiguadora garantiza la mejor protecci\u00f3n para el conjunto de sensores, proporcionando una larga vida \u00fatil y protecci\u00f3n.<\/span><\/p>\n","protected":false},"featured_media":1142,"comment_status":"open","ping_status":"closed","template":"","meta":[],"product_brand":[],"product_cat":[20],"product_tag":[],"class_list":{"0":"post-1640","1":"product","2":"type-product","3":"status-publish","4":"has-post-thumbnail","6":"product_cat-spare-parts","8":"first","9":"instock","10":"taxable","11":"shipping-taxable","12":"purchasable","13":"product-type-simple"},"jetpack_sharing_enabled":true,"_links":{"self":[{"href":"https:\/\/hidarts.com\/es\/wp-json\/wp\/v2\/product\/1640","targetHints":{"allow":["GET"]}}],"collection":[{"href":"https:\/\/hidarts.com\/es\/wp-json\/wp\/v2\/product"}],"about":[{"href":"https:\/\/hidarts.com\/es\/wp-json\/wp\/v2\/types\/product"}],"replies":[{"embeddable":true,"href":"https:\/\/hidarts.com\/es\/wp-json\/wp\/v2\/comments?post=1640"}],"wp:featuredmedia":[{"embeddable":true,"href":"https:\/\/hidarts.com\/es\/wp-json\/wp\/v2\/media\/1142"}],"wp:attachment":[{"href":"https:\/\/hidarts.com\/es\/wp-json\/wp\/v2\/media?parent=1640"}],"wp:term":[{"taxonomy":"product_brand","embeddable":true,"href":"https:\/\/hidarts.com\/es\/wp-json\/wp\/v2\/product_brand?post=1640"},{"taxonomy":"product_cat","embeddable":true,"href":"https:\/\/hidarts.com\/es\/wp-json\/wp\/v2\/product_cat?post=1640"},{"taxonomy":"product_tag","embeddable":true,"href":"https:\/\/hidarts.com\/es\/wp-json\/wp\/v2\/product_tag?post=1640"}],"curies":[{"name":"wp","href":"https:\/\/api.w.org\/{rel}","templated":true}]}}