{"id":1505,"date":"2024-07-15T07:29:10","date_gmt":"2024-07-15T07:29:10","guid":{"rendered":"https:\/\/hidarts.com\/producto\/hidarts-h15\/"},"modified":"2026-01-24T19:04:26","modified_gmt":"2026-01-24T19:04:26","slug":"hidarts-h15","status":"publish","type":"product","link":"https:\/\/hidarts.com\/es\/producto\/hidarts-h15\/","title":{"rendered":"HiDARTS H15"},"content":{"rendered":"<p><b>HiDARTS H13&#8243; \/ H15<\/b><span style=\"font-weight: 400;\"> Permite la integraci\u00f3n de todos los componentes electr\u00f3nicos del Granboard DASH (Placa de circuito electr\u00f3nico, bot\u00f3n de cambio de reproductor e interruptor).<\/span><\/p>\n<p><span style=\"font-weight: 400;\">* Componentes Granboard Dash no incluidos.<\/span><span style=\"font-weight: 400;\"><br \/>\n<\/span><\/p>\n","protected":false},"excerpt":{"rendered":"<p><span style=\"font-weight: 400;\">*Compatibilidad del sistema en l\u00ednea con Granboard Dash<\/span><\/p>\n<p><span style=\"font-weight: 400;\">*<\/span><span style=\"font-weight: 400;\">Tabla oficial de competici\u00f3n de 15&#8243; USA.<\/span><\/p>\n<p><span style=\"font-weight: 400;\">*Mueble compacto de madera.<\/span><\/p>\n<p><span style=\"font-weight: 400;\">*Amortiguador de ruido de impacto (3 mm)<\/span><\/p>\n<p><span style=\"font-weight: 400;\">*Sensor electr\u00f3nico de competici\u00f3n<\/span><\/p>\n<p><span style=\"font-weight: 400;\">*Mazo de cables de la bater\u00eda con 2 pilas AA<\/span><span style=\"font-weight: 400;\"><br \/>\n<\/span><span style=\"font-weight: 400;\">*x2 juegos de dardos HiDarts<\/span><\/p>\n<p><span style=\"font-weight: 400;\">*Manual de instalaci\u00f3n y accesorios de montaje incluidos<\/span><\/p>\n","protected":false},"featured_media":1055,"comment_status":"open","ping_status":"closed","template":"","meta":[],"product_brand":[],"product_cat":[117],"product_tag":[],"class_list":{"0":"post-1505","1":"product","2":"type-product","3":"status-publish","4":"has-post-thumbnail","6":"product_cat-diana","8":"first","9":"instock","10":"taxable","11":"shipping-taxable","12":"purchasable","13":"product-type-simple"},"jetpack_sharing_enabled":true,"_links":{"self":[{"href":"https:\/\/hidarts.com\/es\/wp-json\/wp\/v2\/product\/1505","targetHints":{"allow":["GET"]}}],"collection":[{"href":"https:\/\/hidarts.com\/es\/wp-json\/wp\/v2\/product"}],"about":[{"href":"https:\/\/hidarts.com\/es\/wp-json\/wp\/v2\/types\/product"}],"replies":[{"embeddable":true,"href":"https:\/\/hidarts.com\/es\/wp-json\/wp\/v2\/comments?post=1505"}],"wp:featuredmedia":[{"embeddable":true,"href":"https:\/\/hidarts.com\/es\/wp-json\/wp\/v2\/media\/1055"}],"wp:attachment":[{"href":"https:\/\/hidarts.com\/es\/wp-json\/wp\/v2\/media?parent=1505"}],"wp:term":[{"taxonomy":"product_brand","embeddable":true,"href":"https:\/\/hidarts.com\/es\/wp-json\/wp\/v2\/product_brand?post=1505"},{"taxonomy":"product_cat","embeddable":true,"href":"https:\/\/hidarts.com\/es\/wp-json\/wp\/v2\/product_cat?post=1505"},{"taxonomy":"product_tag","embeddable":true,"href":"https:\/\/hidarts.com\/es\/wp-json\/wp\/v2\/product_tag?post=1505"}],"curies":[{"name":"wp","href":"https:\/\/api.w.org\/{rel}","templated":true}]}}