{"id":1501,"date":"2024-07-15T12:25:40","date_gmt":"2024-07-15T12:25:40","guid":{"rendered":"https:\/\/hidarts.com\/producto\/hidarts-h132\/"},"modified":"2026-03-25T16:35:08","modified_gmt":"2026-03-25T16:35:08","slug":"hidarts-h132","status":"publish","type":"product","link":"https:\/\/hidarts.com\/es\/producto\/hidarts-h132\/","title":{"rendered":"HiDARTS H132&#8243;"},"content":{"rendered":"<p>Permite integrar todos los componentes electr\u00f3nicos del Granboard 132 (iluminaci\u00f3n LED, sensor de cambio de jugador, sensor de salida de dardos y placa electr\u00f3nica).<br \/>\n* Componentes del Granboard 132 no incluidos.<\/p>\n","protected":false},"excerpt":{"rendered":"<p><span style=\"font-weight: 400;\">*Compatibilidad del sistema en l\u00ednea con Granboard 132<\/span><\/p>\n<p><span style=\"font-weight: 400;\">*Tabla de competici\u00f3n oficial L\u00f6wen 13&#8243; EU.<\/span><\/p>\n<p><span style=\"font-weight: 400;\">*Mueble compacto de madera.<\/span><\/p>\n<p><span style=\"font-weight: 400;\">*Amortiguador de ruido de impacto (3 mm)<\/span><\/p>\n<p><span style=\"font-weight: 400;\">*Sensor electr\u00f3nico de competici\u00f3n<\/span><\/p>\n<p><span style=\"font-weight: 400;\">*Cable magn\u00e9tico de alimentaci\u00f3n<\/span><\/p>\n<p><span style=\"font-weight: 400;\">*x2 juegos de dardos HiDarts<\/span><\/p>\n<p><span style=\"font-weight: 400;\">*Manual de instalaci\u00f3n y accesorios de montaje incluidos<\/span><\/p>\n","protected":false},"featured_media":1091,"comment_status":"open","ping_status":"closed","template":"","meta":[],"product_brand":[],"product_cat":[117],"product_tag":[],"class_list":{"0":"post-1501","1":"product","2":"type-product","3":"status-publish","4":"has-post-thumbnail","6":"product_cat-diana","8":"first","9":"instock","10":"taxable","11":"shipping-taxable","12":"purchasable","13":"product-type-simple"},"jetpack_sharing_enabled":true,"_links":{"self":[{"href":"https:\/\/hidarts.com\/es\/wp-json\/wp\/v2\/product\/1501","targetHints":{"allow":["GET"]}}],"collection":[{"href":"https:\/\/hidarts.com\/es\/wp-json\/wp\/v2\/product"}],"about":[{"href":"https:\/\/hidarts.com\/es\/wp-json\/wp\/v2\/types\/product"}],"replies":[{"embeddable":true,"href":"https:\/\/hidarts.com\/es\/wp-json\/wp\/v2\/comments?post=1501"}],"wp:featuredmedia":[{"embeddable":true,"href":"https:\/\/hidarts.com\/es\/wp-json\/wp\/v2\/media\/1091"}],"wp:attachment":[{"href":"https:\/\/hidarts.com\/es\/wp-json\/wp\/v2\/media?parent=1501"}],"wp:term":[{"taxonomy":"product_brand","embeddable":true,"href":"https:\/\/hidarts.com\/es\/wp-json\/wp\/v2\/product_brand?post=1501"},{"taxonomy":"product_cat","embeddable":true,"href":"https:\/\/hidarts.com\/es\/wp-json\/wp\/v2\/product_cat?post=1501"},{"taxonomy":"product_tag","embeddable":true,"href":"https:\/\/hidarts.com\/es\/wp-json\/wp\/v2\/product_tag?post=1501"}],"curies":[{"name":"wp","href":"https:\/\/api.w.org\/{rel}","templated":true}]}}