{"id":1412,"date":"2024-06-11T06:08:03","date_gmt":"2024-06-11T06:08:03","guid":{"rendered":"https:\/\/hidarts.com\/preguntas-frecuentes\/"},"modified":"2025-07-04T10:01:13","modified_gmt":"2025-07-04T10:01:13","slug":"preguntas-frecuentes","status":"publish","type":"page","link":"https:\/\/hidarts.com\/es\/preguntas-frecuentes\/","title":{"rendered":"FAQ"},"content":{"rendered":"<p>&nbsp;<\/p>\n<p><\/p>\n&#13;\n<p><strong>\u00bfQu\u00e9 incluye HiDarts?<\/strong><\/p>&#13;\n&#13;\n<p>Nuestro tablero viene completo con todos los componentes necesarios para colgar el tablero y empezar a jugar una partida de dardos. Tambi\u00e9n incluye todo el hardware necesario para completar la integraci\u00f3n del Granboard en nuestro tablero.   <\/p>&#13;\n&#13;\n<p><strong>\u00bfQu\u00e9 se necesita para completar la instalaci\u00f3n del Granboard?<\/strong><\/p>&#13;\n&#13;\n<p>Los componentes Granboard no se suministran con nuestra placa HiDarts, por lo que necesitar\u00e1s tener tu propio GranBoard Dash o 132, para integrarlo en la placa HiDart.<\/p>&#13;\n&#13;\n<p><strong>\u00bfSe puede instalar otro modelo que no sea &#8220;GranBoard Dash o 132&#8221; en los HiDarts?<\/strong><\/p>&#13;\n&#13;\n<p>No, nuestro Kit HiDarts s\u00f3lo es compatible con los modelos &#8220;GranBoard Dash&#8221; y &#8220;GranBoard 132&#8221;. Recuerda elegir el modelo de HiDarts correcto para tu Granboard. <\/p>&#13;\n&#13;\n<p><strong>\u00bfQu\u00e9 herramientas se necesitan para instalar los componentes Granboard?<\/strong><\/p>&#13;\n&#13;\n<p>S\u00f3lo necesitar\u00e1s un destornillador de estrella y el manual de instrucciones que se incluye con la placa.<\/p>&#13;\n&#13;\n<p><strong>\u00bfEs complicado instalar los componentes Granboard?<\/strong><\/p>&#13;\n&#13;\n<p>En absoluto. Hemos dise\u00f1ado nuestra placa de forma que cualquiera pueda instalarla f\u00e1cilmente. Tardar\u00e1s s\u00f3lo unos minutos en tenerlo todo montado gracias al manual incluido donde se explica con todo detalle. Tambi\u00e9n tenemos un v\u00eddeo que muestra todos los pasos necesarios.   <\/p>&#13;\n&#13;\n<p><strong>\u00bfNotar\u00e9 alguna mejora?<\/strong><\/p>&#13;\n&#13;\n<p>Por supuesto. Nos hemos asegurado de tener la mejor diana del mercado incorporando s\u00f3lo los mejores componentes disponibles. Notar\u00e1s inmediatamente la calidad de construcci\u00f3n profesional al jugar y no volver\u00e1s atr\u00e1s.  <\/p>&#13;\n&#13;\n<p><strong>\u00bfEl HiDarts es m\u00e1s silencioso?<\/strong><\/p>&#13;\n&#13;\n<p>\u00a1Mucho! Todos los componentes y materiales utilizados se han seleccionado espec\u00edficamente para reducir el ruido de impacto del dardo y las vibraciones provocadas.<br\/>Hemos conseguido transformar los &#8220;clacks&#8221; en &#8220;thuds&#8221;, como cuando juegas en una m\u00e1quina de bar de punta blanda. Ya no molestar\u00e1s a tus vecinos con la pr\u00e1ctica nocturna de los dardos.  <\/p>&#13;\n&#13;\n<p><strong>\u00bfPuedo jugar en l\u00ednea?<\/strong><\/p>&#13;\n&#13;\n<p>S\u00ed. Si decides incorporar los componentes Granboard a tus HiDarts, podr\u00e1s navegar con el mismo software que utilizabas antes con tu Granboard. <\/p>&#13;\n&#13;\n<p>Seguir\u00e1s teniendo la misma cuenta y el mismo software, as\u00ed que no notar\u00e1s ninguna diferencia.<\/p>&#13;\n&#13;\n<p><strong>\u00bfCu\u00e1l es la diferencia entre los modelos H132 y H13\/H15?<\/strong><\/p>&#13;\n&#13;\n<p>Nuestro modelo HiDarts <strong>H132<\/strong> est\u00e1 dise\u00f1ado espec\u00edficamente para albergar los componentes Granboard 132, mientras que los modelos <strong>H13 y H15 <\/strong>son espec\u00edficos para los componentes GB Dash. La diferencia entre el <strong>H13 y el H15 <\/strong>es el tama\u00f1o del tablero, que puede ser de 13&#8243; para la UE o de 15&#8243; para EE.UU. <\/p>&#13;\n&#13;\n<p><strong>\u00bfSe pueden comprar piezas de repuesto y cu\u00e1l es la duraci\u00f3n de la garant\u00eda HiDarts?<\/strong><\/p>&#13;\n&#13;\n<p>Todos los componentes de la placa HiDarts est\u00e1n cubiertos por una garant\u00eda de dos a\u00f1os a partir de la fecha de compra. Si surge alg\u00fan problema debido a un defecto de fabricaci\u00f3n en alguno de los componentes de la pizarra, lo sustituiremos r\u00e1pidamente sin coste alguno. <\/p>&#13;\n&#13;\n<p>Una vez transcurrido el periodo de garant\u00eda de dos a\u00f1os, ofrecemos piezas de repuesto para su reparaci\u00f3n o sustituci\u00f3n en nuestra tienda online.<\/p>&#13;\n&#13;\n<p>*Ten en cuenta que no nos hacemos responsables de la garant\u00eda de los componentes Grandboard.<\/p>&#13;\n&#13;\n<p><strong>\u00bfC\u00f3mo colgar mi diana en la pared?<\/strong><\/p>&#13;\n&#13;\n<p>Nuestros HiDarts vienen con los tornillos de montaje y las instrucciones necesarias para montar la diana de forma segura. Encontrar\u00e1s una plantilla de montaje que puede servirte de gu\u00eda, as\u00ed como todas las instrucciones paso a paso incluidas con la diana. <\/p>&#13;\n&#13;\n<p><strong>\u00bfAlguna pregunta sobre los HiDart que no hayamos tratado?<\/strong><br\/>Ponte en contacto con nosotros y d\u00ednoslo. Estaremos encantados de responder a cualquier pregunta, y nos encantar\u00eda escuchar tus comentarios y opiniones.<br\/>Env\u00edanos un mensaje aqu\u00ed abajo y nos pondremos en contacto contigo:   <\/p>&#13;\n","protected":false},"excerpt":{"rendered":"<p>&nbsp; &#13; \u00bfQu\u00e9 incluye HiDarts? &#13; &#13; Nuestro tablero viene completo con todos los componentes necesarios para colgar el tablero y empezar a jugar una partida de dardos. Tambi\u00e9n incluye todo el hardware necesario para completar la integraci\u00f3n del Granboard en nuestro tablero. &#13; &#13; \u00bfQu\u00e9 se necesita para completar la instalaci\u00f3n del Granboard? &#13; &#13; Los componentes Granboard no se suministran con nuestra placa HiDarts, por lo que necesitar\u00e1s tener tu propio GranBoard Dash o 132, para integrarlo en la placa HiDart. &#13; &#13; \u00bfSe puede instalar otro modelo que no sea &#8220;GranBoard Dash o 132&#8221; en los HiDarts? &#13; &#13; No, nuestro Kit HiDarts s\u00f3lo es compatible con los modelos &#8220;GranBoard Dash&#8221; y &#8220;GranBoard 132&#8221;. Recuerda elegir el modelo de HiDarts correcto para tu Granboard. &#13; &#13; \u00bfQu\u00e9 herramientas se necesitan para instalar los componentes Granboard? &#13; &#13; S\u00f3lo necesitar\u00e1s un destornillador de estrella y el manual de instrucciones que se incluye con la placa. &#13; &#13; \u00bfEs complicado instalar los componentes Granboard? &#13; &#13; En absoluto. Hemos dise\u00f1ado nuestra placa de forma que cualquiera pueda instalarla f\u00e1cilmente. Tardar\u00e1s s\u00f3lo unos minutos en tenerlo todo montado gracias al manual incluido donde se explica con todo detalle. Tambi\u00e9n tenemos un v\u00eddeo que muestra todos los pasos necesarios. &#13; &#13; \u00bfNotar\u00e9 alguna mejora?&hellip;<\/p>\n","protected":false},"author":1,"featured_media":0,"parent":0,"menu_order":0,"comment_status":"closed","ping_status":"closed","template":"page-templates\/faq.php","meta":{"footnotes":""},"class_list":["post-1412","page","type-page","status-publish","hentry"],"jetpack_sharing_enabled":true,"_links":{"self":[{"href":"https:\/\/hidarts.com\/es\/wp-json\/wp\/v2\/pages\/1412","targetHints":{"allow":["GET"]}}],"collection":[{"href":"https:\/\/hidarts.com\/es\/wp-json\/wp\/v2\/pages"}],"about":[{"href":"https:\/\/hidarts.com\/es\/wp-json\/wp\/v2\/types\/page"}],"author":[{"embeddable":true,"href":"https:\/\/hidarts.com\/es\/wp-json\/wp\/v2\/users\/1"}],"replies":[{"embeddable":true,"href":"https:\/\/hidarts.com\/es\/wp-json\/wp\/v2\/comments?post=1412"}],"version-history":[{"count":7,"href":"https:\/\/hidarts.com\/es\/wp-json\/wp\/v2\/pages\/1412\/revisions"}],"predecessor-version":[{"id":1733,"href":"https:\/\/hidarts.com\/es\/wp-json\/wp\/v2\/pages\/1412\/revisions\/1733"}],"wp:attachment":[{"href":"https:\/\/hidarts.com\/es\/wp-json\/wp\/v2\/media?parent=1412"}],"curies":[{"name":"wp","href":"https:\/\/api.w.org\/{rel}","templated":true}]}}