{"id":1349,"date":"2024-07-12T11:42:20","date_gmt":"2024-07-12T11:42:20","guid":{"rendered":"https:\/\/hidarts.com\/como-instalar\/"},"modified":"2025-07-02T11:12:22","modified_gmt":"2025-07-02T11:12:22","slug":"como-instalar","status":"publish","type":"page","link":"https:\/\/hidarts.com\/es\/como-instalar\/","title":{"rendered":"C\u00f3mo instalar"},"content":{"rendered":"\n<p><strong>\u00bfQu\u00e9 necesitas?<\/strong><\/p>\n\n<p>\u00bfListo para fusionar tu GranBoard con HiDarts? Aqu\u00ed tienes la lista: <\/p>\n\n<ol class=\"wp-block-list\">\n<li>GranBoard: Modelo Dash o 132, con electr\u00f3nica funcional. <\/li>\n\n\n\n<li>Diana HiDarts: Elige el modelo adecuado para una instalaci\u00f3n perfecta.<\/li>\n\n\n\n<li>Manual \/ v\u00eddeo tutorial: Incluidos para facilitar el proceso paso a paso.<\/li>\n<\/ol>\n\n<p><strong>\u00bfQu\u00e9 hacer?<\/strong><\/p>\n\n<p>\u00a1Es m\u00e1s f\u00e1cil de lo que crees! <\/p>\n\n<p>1) Prepara tus herramientas: Solo necesitas un destornillador. Incluimos todos los accesorios necesarios<\/p>\n\n<p>2) Sigue el tutorial: Usa el v\u00eddeo o el manual impreso. En pocos minutos tendr\u00e1s todo montado.  <\/p>\n\n<p><strong>El resultado:<\/strong><\/p>\n\n<p>Una diana de calidad superior, perfectamente integrada con la tecnolog\u00eda online de GranBoard. Disfruta de la mejor experiencia y \u00fanete a la comunidad online.<\/p>\n\n<p class=\"has-text-align-center\"><strong>Eleva tu experiencia con HiDarts<\/strong><\/p>\n\n<p><strong>V\u00eddeo de instalaci\u00f3n &#8220;HiDARTS H132&#8221;:<\/strong><\/p>\n\n<figure class=\"wp-block-embed aligncenter is-type-video is-provider-youtube wp-block-embed-youtube wp-embed-aspect-16-9 wp-has-aspect-ratio\"><div class=\"wp-block-embed__wrapper\">\n<iframe loading=\"lazy\" title=\"Video HiDarts Upgrade 132\" width=\"500\" height=\"281\" src=\"https:\/\/www.youtube.com\/embed\/NnHIhNfvxL0?feature=oembed\" frameborder=\"0\" allow=\"accelerometer; autoplay; clipboard-write; encrypted-media; gyroscope; picture-in-picture; web-share\" referrerpolicy=\"strict-origin-when-cross-origin\" allowfullscreen><\/iframe>\n<\/div><\/figure>\n\n<p><strong>V\u00eddeo de instalaci\u00f3n de HiDARTS H13&#8243; \/ H15&#8243;:<\/strong><\/p>\n\n<figure class=\"wp-block-embed aligncenter is-type-video is-provider-youtube wp-block-embed-youtube wp-embed-aspect-16-9 wp-has-aspect-ratio\"><div class=\"wp-block-embed__wrapper\">\n<iframe loading=\"lazy\" title=\"Mounting HiDarts kit H15 \/ H13\" width=\"500\" height=\"281\" src=\"https:\/\/www.youtube.com\/embed\/36xIlCA_-Gc?start=2&#038;feature=oembed\" frameborder=\"0\" allow=\"accelerometer; autoplay; clipboard-write; encrypted-media; gyroscope; picture-in-picture; web-share\" referrerpolicy=\"strict-origin-when-cross-origin\" allowfullscreen><\/iframe>\n<\/div><\/figure>\n\n<p><\/p>\n","protected":false},"excerpt":{"rendered":"<p>\u00bfQu\u00e9 necesitas? \u00bfListo para fusionar tu GranBoard con HiDarts? Aqu\u00ed tienes la lista: \u00bfQu\u00e9 hacer? \u00a1Es m\u00e1s f\u00e1cil de lo que crees! 1) Prepara tus herramientas: Solo necesitas un destornillador. Incluimos todos los accesorios necesarios 2) Sigue el tutorial: Usa el v\u00eddeo o el manual impreso. En pocos minutos tendr\u00e1s todo montado. El resultado: Una diana de calidad superior, perfectamente integrada con la tecnolog\u00eda online de GranBoard. Disfruta de la mejor experiencia y \u00fanete a la comunidad online. Eleva tu experiencia con HiDarts V\u00eddeo de instalaci\u00f3n &#8220;HiDARTS H132&#8221;: V\u00eddeo de instalaci\u00f3n de HiDARTS H13&#8243; \/ H15&#8243;:<\/p>\n","protected":false},"author":1,"featured_media":0,"parent":0,"menu_order":0,"comment_status":"closed","ping_status":"closed","template":"","meta":{"footnotes":""},"class_list":["post-1349","page","type-page","status-publish","hentry"],"jetpack_sharing_enabled":true,"_links":{"self":[{"href":"https:\/\/hidarts.com\/es\/wp-json\/wp\/v2\/pages\/1349","targetHints":{"allow":["GET"]}}],"collection":[{"href":"https:\/\/hidarts.com\/es\/wp-json\/wp\/v2\/pages"}],"about":[{"href":"https:\/\/hidarts.com\/es\/wp-json\/wp\/v2\/types\/page"}],"author":[{"embeddable":true,"href":"https:\/\/hidarts.com\/es\/wp-json\/wp\/v2\/users\/1"}],"replies":[{"embeddable":true,"href":"https:\/\/hidarts.com\/es\/wp-json\/wp\/v2\/comments?post=1349"}],"version-history":[{"count":6,"href":"https:\/\/hidarts.com\/es\/wp-json\/wp\/v2\/pages\/1349\/revisions"}],"predecessor-version":[{"id":1645,"href":"https:\/\/hidarts.com\/es\/wp-json\/wp\/v2\/pages\/1349\/revisions\/1645"}],"wp:attachment":[{"href":"https:\/\/hidarts.com\/es\/wp-json\/wp\/v2\/media?parent=1349"}],"curies":[{"name":"wp","href":"https:\/\/api.w.org\/{rel}","templated":true}]}}