{"id":1689,"date":"2024-07-17T07:32:56","date_gmt":"2024-07-17T07:32:56","guid":{"rendered":"https:\/\/hidarts.com\/producto\/gummi-daempfer-13-hi-darts\/"},"modified":"2025-07-04T07:36:32","modified_gmt":"2025-07-04T07:36:32","slug":"gummi-daempfer-13-hi-darts","status":"publish","type":"product","link":"https:\/\/hidarts.com\/de\/Produkt\/gummi-daempfer-13-hi-darts\/","title":{"rendered":"Gummi-D\u00e4mpfer 13&#8243; Hi Darts"},"content":{"rendered":"<p id=\"tw-target-text\" class=\"tw-data-text tw-text-large XcVN5d tw-ta\" dir=\"ltr\" data-placeholder=\"Traducci\u00f3\"><span lang=\"en\">HiDarts hochdichte Gummid\u00e4mpfungsplatte bietet einen festen Aufprall und eine hohe Ger\u00e4uschd\u00e4mpfung.<\/span><\/p>\n<p class=\"tw-data-text tw-text-large XcVN5d tw-ta\" dir=\"ltr\" data-placeholder=\"Traducci\u00f3\"><span lang=\"en\">Ideal, um ein Minimum an Schall\u00fcbertragung in der Wand oder in den Verbindungsr\u00e4umen zu erreichen.<\/span><\/p>\n<p class=\"tw-data-text tw-text-large XcVN5d tw-ta\" dir=\"ltr\" data-placeholder=\"Traducci\u00f3\"><span lang=\"en\">Die hohe Dichte des D\u00e4mpfungsblechs gew\u00e4hrleistet den besten Schutz f\u00fcr das Sensorarray und sorgt f\u00fcr eine lange Lebensdauer und Schutz.<\/span><\/p>\n","protected":false},"excerpt":{"rendered":"<p id=\"tw-target-text\" class=\"tw-data-text tw-text-large XcVN5d tw-ta\" dir=\"ltr\" data-placeholder=\"Traducci\u00f3\"><span lang=\"en\">HiDarts hochdichte Gummid\u00e4mpfungsplatte bietet einen festen Aufprall und eine hohe Ger\u00e4uschd\u00e4mpfung.<\/span><\/p>\n<p class=\"tw-data-text tw-text-large XcVN5d tw-ta\" dir=\"ltr\" data-placeholder=\"Traducci\u00f3\"><span lang=\"en\">Ideal, um ein Minimum an Schall\u00fcbertragung in der Wand oder in den Verbindungsr\u00e4umen zu erreichen.<\/span><\/p>\n<p class=\"tw-data-text tw-text-large XcVN5d tw-ta\" dir=\"ltr\" data-placeholder=\"Traducci\u00f3\"><span lang=\"en\">Die hohe Dichte des D\u00e4mpfungsblechs gew\u00e4hrleistet den besten Schutz f\u00fcr das Sensorarray und sorgt f\u00fcr eine lange Lebensdauer und Schutz.<\/span><\/p>\n","protected":false},"featured_media":1144,"comment_status":"open","ping_status":"closed","template":"","meta":[],"product_brand":[],"product_cat":[120],"product_tag":[],"class_list":{"0":"post-1689","1":"product","2":"type-product","3":"status-publish","4":"has-post-thumbnail","6":"product_cat-ersatzteile","8":"first","9":"instock","10":"taxable","11":"shipping-taxable","12":"purchasable","13":"product-type-simple"},"jetpack_sharing_enabled":true,"_links":{"self":[{"href":"https:\/\/hidarts.com\/de\/wp-json\/wp\/v2\/product\/1689","targetHints":{"allow":["GET"]}}],"collection":[{"href":"https:\/\/hidarts.com\/de\/wp-json\/wp\/v2\/product"}],"about":[{"href":"https:\/\/hidarts.com\/de\/wp-json\/wp\/v2\/types\/product"}],"replies":[{"embeddable":true,"href":"https:\/\/hidarts.com\/de\/wp-json\/wp\/v2\/comments?post=1689"}],"wp:featuredmedia":[{"embeddable":true,"href":"https:\/\/hidarts.com\/de\/wp-json\/wp\/v2\/media\/1144"}],"wp:attachment":[{"href":"https:\/\/hidarts.com\/de\/wp-json\/wp\/v2\/media?parent=1689"}],"wp:term":[{"taxonomy":"product_brand","embeddable":true,"href":"https:\/\/hidarts.com\/de\/wp-json\/wp\/v2\/product_brand?post=1689"},{"taxonomy":"product_cat","embeddable":true,"href":"https:\/\/hidarts.com\/de\/wp-json\/wp\/v2\/product_cat?post=1689"},{"taxonomy":"product_tag","embeddable":true,"href":"https:\/\/hidarts.com\/de\/wp-json\/wp\/v2\/product_tag?post=1689"}],"curies":[{"name":"wp","href":"https:\/\/api.w.org\/{rel}","templated":true}]}}