{"id":1688,"date":"2024-07-17T07:35:48","date_gmt":"2024-07-17T07:35:48","guid":{"rendered":"https:\/\/hidarts.com\/producto\/methacrylat-schutzscheibe-hi-darts\/"},"modified":"2025-07-04T07:36:03","modified_gmt":"2025-07-04T07:36:03","slug":"methacrylat-schutzscheibe-hi-darts","status":"publish","type":"product","link":"https:\/\/hidarts.com\/de\/Produkt\/methacrylat-schutzscheibe-hi-darts\/","title":{"rendered":"Methacrylat-Schutzscheibe Hi Darts"},"content":{"rendered":"<p>Methacrylat-Frontprotektor, der die Scheibe vor St\u00f6\u00dfen sch\u00fctzt und einige Anpassungselemente erm\u00f6glicht. Kompatibel mit 13 &#8220;und 15,5&#8221; HiDarts Ziele<\/p>\n","protected":false},"excerpt":{"rendered":"<p>Methacrylat-Frontprotektor, der die Scheibe vor St\u00f6\u00dfen sch\u00fctzt und einige Anpassungselemente erm\u00f6glicht. Kompatibel mit 13 &#8220;und 15,5&#8221; HiDarts Ziele<\/p>\n","protected":false},"featured_media":1147,"comment_status":"open","ping_status":"closed","template":"","meta":[],"product_brand":[],"product_cat":[120],"product_tag":[],"class_list":{"0":"post-1688","1":"product","2":"type-product","3":"status-publish","4":"has-post-thumbnail","6":"product_cat-ersatzteile","8":"first","9":"instock","10":"taxable","11":"shipping-taxable","12":"purchasable","13":"product-type-simple"},"jetpack_sharing_enabled":true,"_links":{"self":[{"href":"https:\/\/hidarts.com\/de\/wp-json\/wp\/v2\/product\/1688","targetHints":{"allow":["GET"]}}],"collection":[{"href":"https:\/\/hidarts.com\/de\/wp-json\/wp\/v2\/product"}],"about":[{"href":"https:\/\/hidarts.com\/de\/wp-json\/wp\/v2\/types\/product"}],"replies":[{"embeddable":true,"href":"https:\/\/hidarts.com\/de\/wp-json\/wp\/v2\/comments?post=1688"}],"wp:featuredmedia":[{"embeddable":true,"href":"https:\/\/hidarts.com\/de\/wp-json\/wp\/v2\/media\/1147"}],"wp:attachment":[{"href":"https:\/\/hidarts.com\/de\/wp-json\/wp\/v2\/media?parent=1688"}],"wp:term":[{"taxonomy":"product_brand","embeddable":true,"href":"https:\/\/hidarts.com\/de\/wp-json\/wp\/v2\/product_brand?post=1688"},{"taxonomy":"product_cat","embeddable":true,"href":"https:\/\/hidarts.com\/de\/wp-json\/wp\/v2\/product_cat?post=1688"},{"taxonomy":"product_tag","embeddable":true,"href":"https:\/\/hidarts.com\/de\/wp-json\/wp\/v2\/product_tag?post=1688"}],"curies":[{"name":"wp","href":"https:\/\/api.w.org\/{rel}","templated":true}]}}