{"id":1681,"date":"2024-07-17T06:57:12","date_gmt":"2024-07-17T06:57:12","guid":{"rendered":"https:\/\/hidarts.com\/producto\/13-spinne-komplett-mit-segmenten\/"},"modified":"2025-07-04T07:34:01","modified_gmt":"2025-07-04T07:34:01","slug":"13-spinne-komplett-mit-segmenten","status":"publish","type":"product","link":"https:\/\/hidarts.com\/de\/Produkt\/13-spinne-komplett-mit-segmenten\/","title":{"rendered":"13&#8243; Spinne komplett mit Segmenten"},"content":{"rendered":"<div class=\"oSioSc\">\n<div id=\"tw-target\">\n<div id=\"kAz1tf\" class=\"g9WsWb\">\n<div id=\"tw-target-text-container\" class=\"tw-ta-container hide-focus-ring tw-nfl\" tabindex=\"0\">\n<p id=\"tw-target-text\" class=\"tw-data-text tw-text-large XcVN5d tw-ta\" dir=\"ltr\" data-placeholder=\"Traducci\u00f3\"><span lang=\"en\">&#8211; Wir verwenden die hochwertigsten Segmente in der Freizeitindustrie.<\/span><\/p>\n<p class=\"tw-data-text tw-text-large XcVN5d tw-ta\" dir=\"ltr\" data-placeholder=\"Traducci\u00f3\"><span lang=\"en\">&#8211; Offizielle wettbewerbsf\u00e4hige Gr\u00f6\u00dfe 13 &#8220;professionellen Grill mit Fiberglas f\u00fcr Haltbarkeit und St\u00e4rke injiziert.<\/span><\/p>\n<p class=\"tw-data-text tw-text-large XcVN5d tw-ta\" dir=\"ltr\" data-placeholder=\"Traducci\u00f3\"><span lang=\"en\">&#8211; Ersatzteile f\u00fcr jedes der Segmente verf\u00fcgbar.<\/span><\/p>\n<\/div>\n<\/div>\n<\/div>\n<\/div>\n","protected":false},"excerpt":{"rendered":"<p>Vollst\u00e4ndiges Netz von HiDarts-Segmenten.<\/p>\n<div class=\"oSioSc\">\n<div id=\"tw-target\">\n<div id=\"kAz1tf\" class=\"g9WsWb\">\n<div id=\"tw-target-text-container\" class=\"tw-ta-container hide-focus-ring tw-nfl\" tabindex=\"0\">\n<p id=\"tw-target-text\" class=\"tw-data-text tw-text-large XcVN5d tw-ta\" dir=\"ltr\" data-placeholder=\"Traducci\u00f3\"><span lang=\"en\">M\u00f6chten Sie nach Tausenden von geworfenen Darts<\/span>Ihren alten Grill durch einen neuen mit allen Segmenten ersetzen?<\/p>\n<p class=\"tw-data-text tw-text-large XcVN5d tw-ta\" dir=\"ltr\" data-placeholder=\"Traducci\u00f3\">Der HiDarts-Grill ist sehr einfach auszutauschen. Mit nur 4 Schrauben k\u00f6nnen Sie Ihren alten Grill durch einen komplett neuen ersetzen, der bereit ist, tausende weiterer Darts zu tragen, ohne Schaden zu nehmen.<\/p>\n<\/div>\n<\/div>\n<\/div>\n<\/div>\n","protected":false},"featured_media":1123,"comment_status":"open","ping_status":"closed","template":"","meta":[],"product_brand":[],"product_cat":[120],"product_tag":[],"class_list":{"0":"post-1681","1":"product","2":"type-product","3":"status-publish","4":"has-post-thumbnail","6":"product_cat-ersatzteile","8":"first","9":"instock","10":"taxable","11":"shipping-taxable","12":"purchasable","13":"product-type-simple"},"jetpack_sharing_enabled":true,"_links":{"self":[{"href":"https:\/\/hidarts.com\/de\/wp-json\/wp\/v2\/product\/1681","targetHints":{"allow":["GET"]}}],"collection":[{"href":"https:\/\/hidarts.com\/de\/wp-json\/wp\/v2\/product"}],"about":[{"href":"https:\/\/hidarts.com\/de\/wp-json\/wp\/v2\/types\/product"}],"replies":[{"embeddable":true,"href":"https:\/\/hidarts.com\/de\/wp-json\/wp\/v2\/comments?post=1681"}],"wp:featuredmedia":[{"embeddable":true,"href":"https:\/\/hidarts.com\/de\/wp-json\/wp\/v2\/media\/1123"}],"wp:attachment":[{"href":"https:\/\/hidarts.com\/de\/wp-json\/wp\/v2\/media?parent=1681"}],"wp:term":[{"taxonomy":"product_brand","embeddable":true,"href":"https:\/\/hidarts.com\/de\/wp-json\/wp\/v2\/product_brand?post=1681"},{"taxonomy":"product_cat","embeddable":true,"href":"https:\/\/hidarts.com\/de\/wp-json\/wp\/v2\/product_cat?post=1681"},{"taxonomy":"product_tag","embeddable":true,"href":"https:\/\/hidarts.com\/de\/wp-json\/wp\/v2\/product_tag?post=1681"}],"curies":[{"name":"wp","href":"https:\/\/api.w.org\/{rel}","templated":true}]}}