{"id":1509,"date":"2024-07-17T06:53:29","date_gmt":"2024-07-17T06:53:29","guid":{"rendered":"https:\/\/hidarts.com\/producto\/15-spider-komplett-mit-segmenten\/"},"modified":"2025-07-01T06:56:21","modified_gmt":"2025-07-01T06:56:21","slug":"15-spider-komplett-mit-segmenten","status":"publish","type":"product","link":"https:\/\/hidarts.com\/de\/Produkt\/15-spider-komplett-mit-segmenten\/","title":{"rendered":"15&#8243; Spider komplett mit Segmenten"},"content":{"rendered":"<p id=\"tw-target-text\" class=\"tw-data-text tw-text-large XcVN5d tw-ta\" dir=\"ltr\" data-placeholder=\"Traducci\u00f3\"><span lang=\"en\">&#8211; Wir verwenden die hochwertigsten Segmente in der Freizeitindustrie.<\/span><\/p>\n<p class=\"tw-data-text tw-text-large XcVN5d tw-ta\" dir=\"ltr\" data-placeholder=\"Traducci\u00f3\"><span lang=\"en\">&#8211; Offizielle Wettkampfgr\u00f6\u00dfe 15,5 &#8220;professionell mit Fiberglas f\u00fcr Haltbarkeit und St\u00e4rke gespritzt.<\/span><\/p>\n<p class=\"tw-data-text tw-text-large XcVN5d tw-ta\" dir=\"ltr\" data-placeholder=\"Traducci\u00f3\"><span lang=\"en\">&#8211; Ersatzteile f\u00fcr jedes der Segmente verf\u00fcgbar.<\/span><\/p>\n","protected":false},"excerpt":{"rendered":"<p>Vollst\u00e4ndiges Gitter der Hi Darts Segmente. M\u00f6chten Sie nach Tausenden von geworfenen Darts Ihren alten Grill durch einen neuen mit allen Segmenten ersetzen? Das Hi Darts Gitter ist sehr einfach auszutauschen. Mit nur 4 Schrauben k\u00f6nnen Sie Ihr altes Gitter durch ein komplett neues ersetzen, das noch Tausende von Darts tragen kann, ohne Schaden zu nehmen.  <\/p>\n","protected":false},"featured_media":209,"comment_status":"open","ping_status":"closed","template":"","meta":[],"product_brand":[],"product_cat":[120],"product_tag":[],"class_list":{"0":"post-1509","1":"product","2":"type-product","3":"status-publish","4":"has-post-thumbnail","6":"product_cat-ersatzteile","8":"first","9":"instock","10":"taxable","11":"shipping-taxable","12":"purchasable","13":"product-type-simple"},"jetpack_sharing_enabled":true,"_links":{"self":[{"href":"https:\/\/hidarts.com\/de\/wp-json\/wp\/v2\/product\/1509","targetHints":{"allow":["GET"]}}],"collection":[{"href":"https:\/\/hidarts.com\/de\/wp-json\/wp\/v2\/product"}],"about":[{"href":"https:\/\/hidarts.com\/de\/wp-json\/wp\/v2\/types\/product"}],"replies":[{"embeddable":true,"href":"https:\/\/hidarts.com\/de\/wp-json\/wp\/v2\/comments?post=1509"}],"wp:featuredmedia":[{"embeddable":true,"href":"https:\/\/hidarts.com\/de\/wp-json\/wp\/v2\/media\/209"}],"wp:attachment":[{"href":"https:\/\/hidarts.com\/de\/wp-json\/wp\/v2\/media?parent=1509"}],"wp:term":[{"taxonomy":"product_brand","embeddable":true,"href":"https:\/\/hidarts.com\/de\/wp-json\/wp\/v2\/product_brand?post=1509"},{"taxonomy":"product_cat","embeddable":true,"href":"https:\/\/hidarts.com\/de\/wp-json\/wp\/v2\/product_cat?post=1509"},{"taxonomy":"product_tag","embeddable":true,"href":"https:\/\/hidarts.com\/de\/wp-json\/wp\/v2\/product_tag?post=1509"}],"curies":[{"name":"wp","href":"https:\/\/api.w.org\/{rel}","templated":true}]}}