{"id":1414,"date":"2024-06-11T06:08:03","date_gmt":"2024-06-11T06:08:03","guid":{"rendered":"https:\/\/hidarts.com\/faq\/"},"modified":"2025-07-03T07:49:26","modified_gmt":"2025-07-03T07:49:26","slug":"faq","status":"publish","type":"page","link":"https:\/\/hidarts.com\/de\/faq\/","title":{"rendered":"FAQ"},"content":{"rendered":"<p>&nbsp;<\/p>\n&#13;\n<p><strong>Was beinhaltet HiDarts?<\/strong><\/p>&#13;\n&#13;\n<p>Unser Board wird komplett mit allen Komponenten geliefert, die Sie ben\u00f6tigen, um das Board aufzuh\u00e4ngen und ein Dartspiel zu beginnen. Es enth\u00e4lt auch die gesamte notwendige Hardware, um die Integration des Granboards in unser Board zu vervollst\u00e4ndigen.   <\/p>&#13;\n&#13;\n<p><strong>Was ist erforderlich, um die Installation des Granboards abzuschlie\u00dfen?<\/strong><\/p>&#13;\n&#13;\n<p>Granboard-Komponenten sind nicht im Lieferumfang unseres HiDarts-Boards enthalten. Sie ben\u00f6tigen also Ihr eigenes GranBoard Dash oder 132, um es mit dem HiDart-Board zu verbinden.<\/p>&#13;\n&#13;\n<p><strong>Kann ein anderes Modell als &#8220;GranBoard Dash oder 132&#8221; in die HiDarts eingebaut werden?<\/strong><\/p>&#13;\n&#13;\n<p>Nein, unser HiDarts Kit ist nur mit den Modellen &#8220;GranBoard Dash&#8221; und &#8220;GranBoard 132&#8221; kompatibel. Denken Sie daran, das richtige HiDarts-Modell f\u00fcr Ihr Granboard auszuw\u00e4hlen. <\/p>&#13;\n&#13;\n<p><strong>Welche Werkzeuge werden f\u00fcr die Installation der Granboard-Komponenten ben\u00f6tigt?<\/strong><\/p>&#13;\n&#13;\n<p>Sie ben\u00f6tigen lediglich einen Kreuzschlitzschraubendreher und die Bedienungsanleitung, die dem Board beiliegt.<\/p>&#13;\n&#13;\n<p><strong>Ist es kompliziert, die Granboard-Komponenten zu installieren?<\/strong><\/p>&#13;\n&#13;\n<p>Ganz und gar nicht! Wir haben unser Board so konzipiert, dass jeder es leicht installieren kann. Dank der beiliegenden Anleitung, in der alles im Detail erkl\u00e4rt wird, brauchen Sie nur wenige Minuten, um alles zusammenzubauen. Wir haben auch ein Video, das alle notwendigen Schritte zeigt.   <\/p>&#13;\n&#13;\n<p><strong>Werde ich eine Verbesserung feststellen?<\/strong><\/p>&#13;\n&#13;\n<p>Ja, nat\u00fcrlich! Wir haben sichergestellt, dass wir das beste Dartboard auf dem Markt haben, indem wir nur die besten verf\u00fcgbaren Komponenten verwendet haben. Sie werden die professionelle Verarbeitungsqualit\u00e4t beim Spielen sofort bemerken und nicht mehr zur\u00fcckgehen wollen.    <\/p>&#13;\n&#13;\n<p><strong>Ist der HiDarts leiser?<\/strong><\/p>&#13;\n&#13;\n<p>Sehr sogar! Die verwendeten Komponenten und Materialien wurden speziell ausgew\u00e4hlt, um das Aufprallger\u00e4usch des Darts und die dadurch verursachten Vibrationen zu reduzieren.<br\/>Es ist uns gelungen, das &#8220;Klacken&#8221; in ein &#8220;Klopfen&#8221; zu verwandeln, genau wie beim Spielen auf einem Soft-Tip-Bar-Automaten. Ihre Nachbarn werden nicht mehr mit n\u00e4chtlichen Dart\u00fcbungen bel\u00e4stigt.  <\/p>&#13;\n&#13;\n<p><strong>Kann ich online spielen?<\/strong><\/p>&#13;\n&#13;\n<p>Ja. Wenn Sie sich entscheiden, die Granboard-Komponenten in Ihre HiDarts einzubauen, k\u00f6nnen Sie mit der gleichen Software navigieren, die Sie zuvor mit Ihrem Granboard verwendet haben. <\/p>&#13;\n&#13;\n<p>Sie haben weiterhin dasselbe Konto und dieselbe Software, so dass Sie keinen Unterschied bemerken werden.<\/p>&#13;\n&#13;\n<p><strong>Was ist der Unterschied zwischen dem H132 und den H13\/H15 Modellen?<\/strong><\/p>&#13;\n&#13;\n<p>Unser HiDarts <strong>H132<\/strong> Modell ist speziell f\u00fcr die Unterbringung der Granboard 132 Komponenten konzipiert, w\u00e4hrend die beiden Modelle <strong>H13 &amp; H15 <\/strong>speziell f\u00fcr GB Dash Komponenten geeignet sind. Der Unterschied zwischen <strong>H13 und H15 <\/strong>liegt in der Gr\u00f6\u00dfe des Spielbretts, entweder EU 13&#8243; oder USA 15&#8243;. <\/p>&#13;\n&#13;\n<p><strong>K\u00f6nnen Ersatzteile gekauft werden und wie lange gilt die HiDarts-Garantie?<\/strong><\/p>&#13;\n&#13;\n<p>F\u00fcr alle Komponenten des HiDarts-Boards gilt eine zweij\u00e4hrige Garantie ab dem Kaufdatum. Sollte ein Problem aufgrund eines Herstellungsfehlers bei einer der Komponenten des Boards auftreten, werden wir es umgehend und kostenlos ersetzen. <\/p>&#13;\n&#13;\n<p>Nach Ablauf der zweij\u00e4hrigen Garantiezeit bieten wir in unserem Online-Shop Ersatzteile zur Reparatur oder zum Austausch an.<\/p>&#13;\n&#13;\n<p>*Bitte beachten Sie, dass wir nicht f\u00fcr die Garantie von Grandboard-Komponenten verantwortlich sind.<\/p>&#13;\n&#13;\n<p><strong>Wie kann ich meine Dartscheibe an die Wand h\u00e4ngen?<\/strong><\/p>&#13;\n&#13;\n<p>Unsere HiDarts werden mit den erforderlichen Befestigungsschrauben und einer Anleitung zur sicheren Montage der Dartscheibe geliefert. Sie finden eine Montageschablone, die Ihnen als Anleitung dienen kann, sowie alle Schritt-f\u00fcr-Schritt-Anleitungen, die dem Brett beiliegen. <\/p>&#13;\n&#13;\n<p><strong>Haben Sie Fragen zu den HiDarts, die wir noch nicht beantwortet haben?<\/strong><br\/>Nehmen Sie Kontakt mit uns auf und teilen Sie es uns mit. Wir beantworten gerne alle Fragen und freuen uns \u00fcber Ihre Kommentare und Ihr Feedback.<br\/>Schreiben Sie uns hier unten eine Nachricht und wir melden uns bei Ihnen:   <\/p>&#13;\n","protected":false},"excerpt":{"rendered":"<p>&nbsp; &#13; Was beinhaltet HiDarts? &#13; &#13; Unser Board wird komplett mit allen Komponenten geliefert, die Sie ben\u00f6tigen, um das Board aufzuh\u00e4ngen und ein Dartspiel zu beginnen. Es enth\u00e4lt auch die gesamte notwendige Hardware, um die Integration des Granboards in unser Board zu vervollst\u00e4ndigen. &#13; &#13; Was ist erforderlich, um die Installation des Granboards abzuschlie\u00dfen? &#13; &#13; Granboard-Komponenten sind nicht im Lieferumfang unseres HiDarts-Boards enthalten. Sie ben\u00f6tigen also Ihr eigenes GranBoard Dash oder 132, um es mit dem HiDart-Board zu verbinden. &#13; &#13; Kann ein anderes Modell als &#8220;GranBoard Dash oder 132&#8221; in die HiDarts eingebaut werden? &#13; &#13; Nein, unser HiDarts Kit ist nur mit den Modellen &#8220;GranBoard Dash&#8221; und &#8220;GranBoard 132&#8221; kompatibel. Denken Sie daran, das richtige HiDarts-Modell f\u00fcr Ihr Granboard auszuw\u00e4hlen. &#13; &#13; Welche Werkzeuge werden f\u00fcr die Installation der Granboard-Komponenten ben\u00f6tigt? &#13; &#13; Sie ben\u00f6tigen lediglich einen Kreuzschlitzschraubendreher und die Bedienungsanleitung, die dem Board beiliegt. &#13; &#13; Ist es kompliziert, die Granboard-Komponenten zu installieren? &#13; &#13; Ganz und gar nicht! Wir haben unser Board so konzipiert, dass jeder es leicht installieren kann. Dank der beiliegenden Anleitung, in der alles im Detail erkl\u00e4rt wird, brauchen Sie nur wenige Minuten, um alles zusammenzubauen. Wir haben auch ein Video, das alle notwendigen Schritte zeigt. &#13; &#13; Werde ich eine Verbesserung feststellen? &#13;&hellip;<\/p>\n","protected":false},"author":1,"featured_media":0,"parent":0,"menu_order":0,"comment_status":"closed","ping_status":"closed","template":"page-templates\/faq.php","meta":{"footnotes":""},"class_list":["post-1414","page","type-page","status-publish","hentry"],"jetpack_sharing_enabled":true,"_links":{"self":[{"href":"https:\/\/hidarts.com\/de\/wp-json\/wp\/v2\/pages\/1414","targetHints":{"allow":["GET"]}}],"collection":[{"href":"https:\/\/hidarts.com\/de\/wp-json\/wp\/v2\/pages"}],"about":[{"href":"https:\/\/hidarts.com\/de\/wp-json\/wp\/v2\/types\/page"}],"author":[{"embeddable":true,"href":"https:\/\/hidarts.com\/de\/wp-json\/wp\/v2\/users\/1"}],"replies":[{"embeddable":true,"href":"https:\/\/hidarts.com\/de\/wp-json\/wp\/v2\/comments?post=1414"}],"version-history":[{"count":4,"href":"https:\/\/hidarts.com\/de\/wp-json\/wp\/v2\/pages\/1414\/revisions"}],"predecessor-version":[{"id":1672,"href":"https:\/\/hidarts.com\/de\/wp-json\/wp\/v2\/pages\/1414\/revisions\/1672"}],"wp:attachment":[{"href":"https:\/\/hidarts.com\/de\/wp-json\/wp\/v2\/media?parent=1414"}],"curies":[{"name":"wp","href":"https:\/\/api.w.org\/{rel}","templated":true}]}}