{"id":1342,"date":"2024-07-12T11:42:20","date_gmt":"2024-07-12T11:42:20","guid":{"rendered":"https:\/\/hidarts.com\/wie-man-installiert\/"},"modified":"2025-07-01T06:53:57","modified_gmt":"2025-07-01T06:53:57","slug":"wie-man-installiert","status":"publish","type":"page","link":"https:\/\/hidarts.com\/de\/wie-man-installiert\/","title":{"rendered":"Wie man installiert"},"content":{"rendered":"\n<p><strong>Was Sie brauchen:<\/strong><\/p>\n\n<p>Sind Sie bereit, Granboard mit HiDarts zusammenzulegen? Hier ist Ihre Checkliste: <\/p>\n\n<ol class=\"wp-block-list\">\n<li>Granboard: Ob Dash oder 132 Modell, Sie brauchen eine funktionierende Elektronik, um sie auf die HiDarts zu \u00fcbertragen.  <\/li>\n\n\n\n<li>HiDarts Board: W\u00e4hlen Sie das perfekte HiDarts Modell f\u00fcr Ihr Granboard, um eine nahtlose Installation zu gew\u00e4hrleisten.<\/li>\n\n\n\n<li>Folgen Sie unserer gedruckten Schritt-f\u00fcr-Schritt-Anleitung, die dem Brett beiliegt, oder schauen Sie sich einfach unser Video-Tutorial an, um eine einfache visuelle Anleitung zu erhalten.<\/li>\n<\/ol>\n\n<p><strong>Was Sie tun m\u00fcssen:<\/strong><\/p>\n\n<p>Es ist einfacher als Sie denken! Folgen Sie einfach diesen einfachen Schritten: <\/p>\n\n<p>1) Besorgen Sie Ihr Werkzeug: Alles, was Sie brauchen, ist ein Schraubenzieher, denn wir liefern das gesamte ben\u00f6tigte Material.<\/p>\n\n<p>2) Zeit f\u00fcr Anleitungen: Tauchen Sie in unser Video oder unser gedrucktes Handbuch ein und folgen Sie Schritt f\u00fcr Schritt den Anweisungen. Sie werden in nur wenigen Minuten fertig sein. Video-Links und Anleitungen sind in der Box enthalten.  <\/p>\n\n<p><strong>Das Ergebnis:<\/strong><\/p>\n\n<p>Sobald die Verschmelzung abgeschlossen ist, verf\u00fcgen Sie \u00fcber ein Dartboard von unvergleichlicher Qualit\u00e4t, das nahtlos in die erstklassige Online-Technologie von Granboard integriert ist.<br\/>Sie k\u00f6nnen jetzt in die erstklassige Handwerkskunst eintauchen und sich der lebhaften Granboard-Online-Community anschlie\u00dfen.<\/p>\n\n<p class=\"has-text-align-center\"><strong>Erh\u00f6hen Sie Ihr Erlebnis mit HiDarts<\/strong><\/p>\n\n<p><strong>HiDARTS H132&#8243; Installationsvideo:<\/strong><\/p>\n\n<figure class=\"wp-block-embed aligncenter is-type-video is-provider-youtube wp-block-embed-youtube wp-embed-aspect-16-9 wp-has-aspect-ratio\"><div class=\"wp-block-embed__wrapper\">\n<iframe loading=\"lazy\" title=\"Video HiDarts Upgrade 132\" width=\"500\" height=\"281\" src=\"https:\/\/www.youtube.com\/embed\/NnHIhNfvxL0?feature=oembed\" frameborder=\"0\" allow=\"accelerometer; autoplay; clipboard-write; encrypted-media; gyroscope; picture-in-picture; web-share\" referrerpolicy=\"strict-origin-when-cross-origin\" allowfullscreen><\/iframe>\n<\/div><\/figure>\n\n<p><strong>HiDARTS H13&#8243; \/ H15&#8243; Installationsvideo:<\/strong><\/p>\n\n<figure class=\"wp-block-embed aligncenter is-type-video is-provider-youtube wp-block-embed-youtube wp-embed-aspect-16-9 wp-has-aspect-ratio\"><div class=\"wp-block-embed__wrapper\">\n<iframe loading=\"lazy\" title=\"Mounting HiDarts kit H15 \/ H13\" width=\"500\" height=\"281\" src=\"https:\/\/www.youtube.com\/embed\/36xIlCA_-Gc?start=2&#038;feature=oembed\" frameborder=\"0\" allow=\"accelerometer; autoplay; clipboard-write; encrypted-media; gyroscope; picture-in-picture; web-share\" referrerpolicy=\"strict-origin-when-cross-origin\" allowfullscreen><\/iframe>\n<\/div><\/figure>\n\n<p><\/p>\n","protected":false},"excerpt":{"rendered":"<p>Was Sie brauchen: Sind Sie bereit, Granboard mit HiDarts zusammenzulegen? Hier ist Ihre Checkliste: Was Sie tun m\u00fcssen: Es ist einfacher als Sie denken! Folgen Sie einfach diesen einfachen Schritten: 1) Besorgen Sie Ihr Werkzeug: Alles, was Sie brauchen, ist ein Schraubenzieher, denn wir liefern das gesamte ben\u00f6tigte Material. 2) Zeit f\u00fcr Anleitungen: Tauchen Sie in unser Video oder unser gedrucktes Handbuch ein und folgen Sie Schritt f\u00fcr Schritt den Anweisungen. Sie werden in nur wenigen Minuten fertig sein. Video-Links und Anleitungen sind in der Box enthalten. Das Ergebnis: Sobald die Verschmelzung abgeschlossen ist, verf\u00fcgen Sie \u00fcber ein Dartboard von unvergleichlicher Qualit\u00e4t, das nahtlos in die erstklassige Online-Technologie von Granboard integriert ist.Sie k\u00f6nnen jetzt in die erstklassige Handwerkskunst eintauchen und sich der lebhaften Granboard-Online-Community anschlie\u00dfen. Erh\u00f6hen Sie Ihr Erlebnis mit HiDarts HiDARTS H132&#8243; Installationsvideo: HiDARTS H13&#8243; \/ H15&#8243; Installationsvideo:<\/p>\n","protected":false},"author":1,"featured_media":0,"parent":0,"menu_order":0,"comment_status":"closed","ping_status":"closed","template":"","meta":{"footnotes":""},"class_list":["post-1342","page","type-page","status-publish","hentry"],"jetpack_sharing_enabled":true,"_links":{"self":[{"href":"https:\/\/hidarts.com\/de\/wp-json\/wp\/v2\/pages\/1342","targetHints":{"allow":["GET"]}}],"collection":[{"href":"https:\/\/hidarts.com\/de\/wp-json\/wp\/v2\/pages"}],"about":[{"href":"https:\/\/hidarts.com\/de\/wp-json\/wp\/v2\/types\/page"}],"author":[{"embeddable":true,"href":"https:\/\/hidarts.com\/de\/wp-json\/wp\/v2\/users\/1"}],"replies":[{"embeddable":true,"href":"https:\/\/hidarts.com\/de\/wp-json\/wp\/v2\/comments?post=1342"}],"version-history":[{"count":2,"href":"https:\/\/hidarts.com\/de\/wp-json\/wp\/v2\/pages\/1342\/revisions"}],"predecessor-version":[{"id":1347,"href":"https:\/\/hidarts.com\/de\/wp-json\/wp\/v2\/pages\/1342\/revisions\/1347"}],"wp:attachment":[{"href":"https:\/\/hidarts.com\/de\/wp-json\/wp\/v2\/media?parent=1342"}],"curies":[{"name":"wp","href":"https:\/\/api.w.org\/{rel}","templated":true}]}}